{"id":1035,"date":"2024-04-01T02:37:32","date_gmt":"2024-03-31T23:37:32","guid":{"rendered":"https:\/\/www.quickcarbon.com\/tr\/?page_id=1035"},"modified":"2025-07-17T16:23:29","modified_gmt":"2025-07-17T13:23:29","slug":"kullanim-kosullari","status":"publish","type":"page","link":"https:\/\/www.quickcarbon.com\/tr\/kullanim-kosullari\/","title":{"rendered":"Kullan\u0131m Ko\u015fullar\u0131"},"content":{"rendered":"\n\n\t<p><a href=\"https:\/\/www.quickcarbon.com\/tr\">https:\/\/www.quickcarbon.com\/tr<\/a>\u00a0adresinde yer alan bu internet sitesini ziyaret ederek, bu s\u00f6zle\u015fmede yazan ko\u015fullar\u0131 kabul edersiniz. Bu sayfadaki herhangi bir ko\u015fulu kabul etmiyorsan\u0131z, l\u00fctfen bu siteye olan eri\u015fiminizi sonland\u0131r\u0131n\u0131z.<\/p>\n<h2>1. Gizlilik<\/h2>\n<p><a href=\"https:\/\/www.quickcarbon.com\/tr\/gizlilik-politikasi\/\">Gizlilik Politikas\u0131<\/a> bir ba\u015fka sayfada mevcuttur. Sitemizi kulland\u0131\u011f\u0131n\u0131z takdirde, verilerinizin i\u015flenmesinin Gizlilik Politikas\u0131&#8217;na uygun olarak ger\u00e7ekle\u015fti\u011fini kabul edersiniz.<\/p>\n<h2>2. Telif Haklar\u0131<\/h2>\n<p>Bu internet sitesindeki yer alan metinler ve kullan\u0131lan yaz\u0131l\u0131m dahil, t\u00fcm i\u00e7eri\u011fin sahibi bu internet sitesi olup, t\u00fcm haklar\u0131 sakl\u0131d\u0131r. Yaz\u0131l\u0131 izin olmaks\u0131z\u0131n site i\u00e7eri\u011finin \u00e7o\u011falt\u0131lmas\u0131 veya kopyalanmas\u0131 kesinlikle yasakt\u0131r.<\/p>\n<h2>3. Genel H\u00fck\u00fcmler<\/h2>\n<ul>\n<li>Bu site taraf\u0131ndan sunulan gizlilik politikas\u0131 ve kullan\u0131m ko\u015fullar\u0131 herhangi bir hukuki garanti sunmamakta olup, herhangi bir hukuki koruma sa\u011flamamaktad\u0131r. Bu site taraf\u0131ndan sunulan gizlilik politikas\u0131 ve kullan\u0131m ko\u015fullar\u0131 sebebiyle, u\u011frad\u0131\u011f\u0131n\u0131z veya u\u011frayabilece\u011finiz zararlardan dolay\u0131 bu sitenin do\u011frudan ve\/veya dolayl\u0131 hi\u00e7bir sorumlulu\u011fu bulunmamaktad\u0131r.<\/li>\n<li>Kullan\u0131c\u0131lar\u0131n tamam\u0131, bu siteyi yaln\u0131zca hukuka uygun ama\u00e7larla kullanacaklar\u0131n\u0131 ve \u00fc\u00e7\u00fcnc\u00fc ki\u015filerin haklar\u0131na tecav\u00fcz te\u015fkil edecek nitelikteki herhangi bir faaliyette bulunmayacaklar\u0131n\u0131 taahh\u00fct eder. Kullan\u0131c\u0131lar\u0131n bu site d\u00e2hilinde yapt\u0131klar\u0131 i\u015flem ve eylemlerindeki hukuki ve cezai sorumluluklar\u0131 kendilerine aittir. \u0130\u015fbu i\u015f ve eylemler sebebiyle, \u00fc\u00e7\u00fcnc\u00fc ki\u015filerin u\u011frad\u0131klar\u0131 veya u\u011frayabilecekleri zararlardan dolay\u0131 bu sitenin do\u011frudan ve\/veya dolayl\u0131 hi\u00e7bir sorumlulu\u011fu yoktur.<\/li>\n<li>Bu sitedeki mevcut bilgilerin do\u011fruluk ve g\u00fcncelli\u011fini sa\u011flamak i\u00e7in elimizden geleni yapmaktay\u0131z. Ancak, g\u00f6sterdi\u011fimiz t\u00fcm bu \u00e7abaya ra\u011fmen, bu bilgiler, fiili de\u011fi\u015fikliklerin gerisinde kalabilece\u011fi gibi, birtak\u0131m farkl\u0131l\u0131klar olabilir. Bu sebeple, site i\u00e7erisinde yer alan bilgilerin do\u011frulu\u011fu ve g\u00fcncelli\u011fi ile ilgili taraf\u0131m\u0131zca, a\u00e7\u0131k veya z\u0131mni, herhangi bir garanti verilmemekte, hi\u00e7bir taahh\u00fctte bulunulmamaktad\u0131r.<\/li>\n<li>Bu sitede \u00fc\u00e7\u00fcnc\u00fc taraflarca i\u015fletilen ve i\u00e7erikleri taraf\u0131m\u0131zca bilinmeyen di\u011fer web sitelerine, uygulamalara ve platformlara linkler(hyperlink) bulunabilir. Bu site, yaln\u0131zca bu sitelere ula\u015f\u0131m\u0131 sa\u011flamakta olup, i\u00e7erikleri ile ilgili hi\u00e7bir sorumluluk kabul etmemektedir.<\/li>\n<li>Bu siteyi vir\u00fcslerden temizlenmi\u015f olarak tutmak konusunda elimizden geleni yapsak da, vir\u00fcslerin tamamen bulunmad\u0131\u011f\u0131n\u0131 garanti edemeyiz. Bu nedenle veri indirirken, vir\u00fcslere kar\u015f\u0131 gerekli \u00f6nlemi almak, kullan\u0131c\u0131lar\u0131n kendi sorumlulu\u011fundad\u0131r. Vir\u00fcs gibi k\u00f6t\u00fc ama\u00e7l\u0131 programlar, kodlar veya materyallerin sebep olabilece\u011fi zararlardan dolay\u0131 bu site hi\u00e7bir sorumluluk kabul etmemektedir.<\/li>\n<li>Bu sitede sunulan hizmetlerde, kusur veya hata olmayaca\u011f\u0131na ya da kesintisiz hizmet verilece\u011fine dair garanti verilmemektedir. Bu sitenin hizmetlerine veya herhangi bir b\u00f6l\u00fcm\u00fcne olan eri\u015fiminizi daha \u00f6nceden bildirmeksizin herhangi bir zamanda sonland\u0131rabiliriz.<\/li>\n<\/ul>\n<h2>4. S\u00f6zle\u015fme G\u00fcncellemeleri<\/h2>\n<p>Bu sayfadaki kullan\u0131m ko\u015fullar\u0131n\u0131 herhangi bir zamanda bildirimde bulunmaks\u0131z\u0131n revize edebiliriz. Bu internet sitesini kullanarak, bu kullan\u0131m ko\u015fullar\u0131n\u0131n en g\u00fcncel s\u00fcr\u00fcm\u00fcne ba\u011fl\u0131 kalmay\u0131 kabul edersiniz. Kullan\u0131m Ko\u015fullar\u0131&#8217;n\u0131n sonunda yer alan g\u00fcncellenme tarihine bakarak, en son ne zaman de\u011fi\u015fiklik yap\u0131ld\u0131\u011f\u0131n\u0131 g\u00f6rebilirsiniz.<\/p>\n<h2>5. Sorumlulu\u011fun S\u0131n\u0131rland\u0131r\u0131lmas\u0131<\/h2>\n<p>Bu internet sitesinin kullan\u0131m\u0131ndan do\u011fan zararlara ili\u015fkin sorumlulu\u011fumuz, kast ve a\u011f\u0131r ihmal ile s\u0131n\u0131rl\u0131d\u0131r. S\u00f6zle\u015fmenin ihlalinden do\u011fan zararlarda, talep edilebilecek toplam tazminat, \u00f6ng\u00f6r\u00fclebilir hasarlar ile s\u0131n\u0131rl\u0131d\u0131r. Yukar\u0131da bahsedilen sorumluluk s\u0131n\u0131rlamalar\u0131 ayn\u0131 zamanda insan hayat\u0131na, bedeni yaralanmaya veya bir ki\u015finin sa\u011fl\u0131\u011f\u0131na gelebilecek zararlar durumunda ge\u00e7erli de\u011fildir. Hukuken m\u00fccbir sebep say\u0131lan t\u00fcm durumlarda, gecikme, ifa etmeme veya temerr\u00fctten dolay\u0131, herhangi bir tazminat y\u00fck\u00fcml\u00fcl\u00fc\u011f\u00fcm\u00fcz do\u011fmayacakt\u0131r.<\/p>\n<p>\u0130\u015fbu S\u00f6zle\u015fme&#8217;nin uygulanmas\u0131ndan veya yorumlanmas\u0131ndan do\u011facak her t\u00fcrl\u00fc uyu\u015fmazl\u0131\u011f\u0131n \u00e7\u00f6z\u00fcm\u00fcnde, T\u00fcrkiye Cumhuriyeti yasalar\u0131 uygulan\u0131r; \u0130stanbul Anadolu Adliyesi Mahkemeleri ve \u0130cra Daireleri yetkilidir.<\/p>\n<h4>Son G\u00fcncelleme Tarihi:<\/h4>\n<p>17 Temmuz 2025<\/p>\n\n","protected":false},"excerpt":{"rendered":"<p>https:\/\/www.quickcarbon.com\/tr\u00a0adresinde yer alan bu internet sitesini ziyaret ederek, bu s\u00f6zle\u015fmede yazan ko\u015fullar\u0131 kabul edersiniz. Bu sayfadaki herhangi bir ko\u015fulu kabul etmiyorsan\u0131z, l\u00fctfen bu siteye olan eri\u015fiminizi sonland\u0131r\u0131n\u0131z. 1. Gizlilik Gizlilik Politikas\u0131 bir ba\u015fka sayfada mevcuttur. Sitemizi kulland\u0131\u011f\u0131n\u0131z takdirde, verilerinizin i\u015flenmesinin Gizlilik Politikas\u0131&#8217;na uygun olarak ger\u00e7ekle\u015fti\u011fini kabul edersiniz. 2. Telif Haklar\u0131 Bu internet sitesindeki yer alan&hellip;<\/p>\n","protected":false},"author":1,"featured_media":0,"parent":0,"menu_order":0,"comment_status":"closed","ping_status":"closed","template":"","meta":{"footnotes":""},"class_list":["post-1035","page","type-page","status-publish","hentry"],"yoast_head":"<!-- This site is optimized with the Yoast SEO plugin v25.6 - https:\/\/yoast.com\/wordpress\/plugins\/seo\/ -->\n<title>Kullan\u0131m Ko\u015fullar\u0131 - QuickCarbon<\/title>\n<meta name=\"robots\" content=\"index, follow, max-snippet:-1, max-image-preview:large, max-video-preview:-1\" \/>\n<link rel=\"canonical\" href=\"https:\/\/www.quickcarbon.com\/tr\/kullanim-kosullari\/\" \/>\n<meta property=\"og:locale\" content=\"tr_TR\" \/>\n<meta property=\"og:type\" content=\"article\" \/>\n<meta property=\"og:title\" content=\"Kullan\u0131m Ko\u015fullar\u0131 - QuickCarbon\" \/>\n<meta property=\"og:description\" content=\"https:\/\/www.quickcarbon.com\/tr\u00a0adresinde yer alan bu internet sitesini ziyaret ederek, bu s\u00f6zle\u015fmede yazan ko\u015fullar\u0131 kabul edersiniz. Bu sayfadaki herhangi bir ko\u015fulu kabul etmiyorsan\u0131z, l\u00fctfen bu siteye olan eri\u015fiminizi sonland\u0131r\u0131n\u0131z. 1. Gizlilik Gizlilik Politikas\u0131 bir ba\u015fka sayfada mevcuttur. Sitemizi kulland\u0131\u011f\u0131n\u0131z takdirde, verilerinizin i\u015flenmesinin Gizlilik Politikas\u0131&#8217;na uygun olarak ger\u00e7ekle\u015fti\u011fini kabul edersiniz. 2. Telif Haklar\u0131 Bu internet sitesindeki yer alan&hellip;\" \/>\n<meta property=\"og:url\" content=\"https:\/\/www.quickcarbon.com\/tr\/kullanim-kosullari\/\" \/>\n<meta property=\"og:site_name\" content=\"QuickCarbon\" \/>\n<meta property=\"article:publisher\" content=\"https:\/\/www.facebook.com\/quickcarbon\/\" \/>\n<meta property=\"article:modified_time\" content=\"2025-07-17T13:23:29+00:00\" \/>\n<meta property=\"og:image\" content=\"https:\/\/www.quickcarbon.com\/tr\/wp-content\/uploads\/2024\/01\/imageedit_3_9138767560.png\" \/>\n\t<meta property=\"og:image:width\" content=\"1200\" \/>\n\t<meta property=\"og:image:height\" content=\"675\" \/>\n\t<meta property=\"og:image:type\" content=\"image\/png\" \/>\n<meta name=\"twitter:card\" content=\"summary_large_image\" \/>\n<meta name=\"twitter:site\" content=\"@QuickCarbon_Tr\" \/>\n<meta name=\"twitter:label1\" content=\"Est. reading time\" \/>\n\t<meta name=\"twitter:data1\" content=\"3 dakika\" \/>\n<script type=\"application\/ld+json\" class=\"yoast-schema-graph\">{\"@context\":\"https:\/\/schema.org\",\"@graph\":[{\"@type\":\"WebPage\",\"@id\":\"https:\/\/www.quickcarbon.com\/tr\/kullanim-kosullari\/\",\"url\":\"https:\/\/www.quickcarbon.com\/tr\/kullanim-kosullari\/\",\"name\":\"Kullan\u0131m Ko\u015fullar\u0131 - QuickCarbon\",\"isPartOf\":{\"@id\":\"https:\/\/www.quickcarbon.com\/tr\/#website\"},\"datePublished\":\"2024-03-31T23:37:32+00:00\",\"dateModified\":\"2025-07-17T13:23:29+00:00\",\"breadcrumb\":{\"@id\":\"https:\/\/www.quickcarbon.com\/tr\/kullanim-kosullari\/#breadcrumb\"},\"inLanguage\":\"tr\",\"potentialAction\":[{\"@type\":\"ReadAction\",\"target\":[\"https:\/\/www.quickcarbon.com\/tr\/kullanim-kosullari\/\"]}]},{\"@type\":\"BreadcrumbList\",\"@id\":\"https:\/\/www.quickcarbon.com\/tr\/kullanim-kosullari\/#breadcrumb\",\"itemListElement\":[{\"@type\":\"ListItem\",\"position\":1,\"name\":\"Ana Sayfa\",\"item\":\"https:\/\/www.quickcarbon.com\/tr\/\"},{\"@type\":\"ListItem\",\"position\":2,\"name\":\"Kullan\u0131m Ko\u015fullar\u0131\"}]},{\"@type\":\"WebSite\",\"@id\":\"https:\/\/www.quickcarbon.com\/tr\/#website\",\"url\":\"https:\/\/www.quickcarbon.com\/tr\/\",\"name\":\"QuickCarbon\",\"description\":\"Take Control of Your Corporate Carbon Footprint\",\"publisher\":{\"@id\":\"https:\/\/www.quickcarbon.com\/tr\/#organization\"},\"alternateName\":\"QC\",\"potentialAction\":[{\"@type\":\"SearchAction\",\"target\":{\"@type\":\"EntryPoint\",\"urlTemplate\":\"https:\/\/www.quickcarbon.com\/tr\/?s={search_term_string}\"},\"query-input\":{\"@type\":\"PropertyValueSpecification\",\"valueRequired\":true,\"valueName\":\"search_term_string\"}}],\"inLanguage\":\"tr\"},{\"@type\":\"Organization\",\"@id\":\"https:\/\/www.quickcarbon.com\/tr\/#organization\",\"name\":\"QuickCarbon\",\"alternateName\":\"QC\",\"url\":\"https:\/\/www.quickcarbon.com\/tr\/\",\"logo\":{\"@type\":\"ImageObject\",\"inLanguage\":\"tr\",\"@id\":\"https:\/\/www.quickcarbon.com\/tr\/#\/schema\/logo\/image\/\",\"url\":\"https:\/\/www.quickcarbon.com\/tr\/wp-content\/uploads\/2023\/09\/cropped-qc_favicon-1.png\",\"contentUrl\":\"https:\/\/www.quickcarbon.com\/tr\/wp-content\/uploads\/2023\/09\/cropped-qc_favicon-1.png\",\"width\":512,\"height\":512,\"caption\":\"QuickCarbon\"},\"image\":{\"@id\":\"https:\/\/www.quickcarbon.com\/tr\/#\/schema\/logo\/image\/\"},\"sameAs\":[\"https:\/\/www.facebook.com\/quickcarbon\/\",\"https:\/\/x.com\/QuickCarbon_Tr\",\"https:\/\/www.instagram.com\/quickcarbon_official\/\",\"https:\/\/www.linkedin.com\/showcase\/quickcarbon-\/\"]}]}<\/script>\n<!-- \/ Yoast SEO plugin. -->","yoast_head_json":{"title":"Kullan\u0131m Ko\u015fullar\u0131 - QuickCarbon","robots":{"index":"index","follow":"follow","max-snippet":"max-snippet:-1","max-image-preview":"max-image-preview:large","max-video-preview":"max-video-preview:-1"},"canonical":"https:\/\/www.quickcarbon.com\/tr\/kullanim-kosullari\/","og_locale":"tr_TR","og_type":"article","og_title":"Kullan\u0131m Ko\u015fullar\u0131 - QuickCarbon","og_description":"https:\/\/www.quickcarbon.com\/tr\u00a0adresinde yer alan bu internet sitesini ziyaret ederek, bu s\u00f6zle\u015fmede yazan ko\u015fullar\u0131 kabul edersiniz. Bu sayfadaki herhangi bir ko\u015fulu kabul etmiyorsan\u0131z, l\u00fctfen bu siteye olan eri\u015fiminizi sonland\u0131r\u0131n\u0131z. 1. Gizlilik Gizlilik Politikas\u0131 bir ba\u015fka sayfada mevcuttur. Sitemizi kulland\u0131\u011f\u0131n\u0131z takdirde, verilerinizin i\u015flenmesinin Gizlilik Politikas\u0131&#8217;na uygun olarak ger\u00e7ekle\u015fti\u011fini kabul edersiniz. 2. Telif Haklar\u0131 Bu internet sitesindeki yer alan&hellip;","og_url":"https:\/\/www.quickcarbon.com\/tr\/kullanim-kosullari\/","og_site_name":"QuickCarbon","article_publisher":"https:\/\/www.facebook.com\/quickcarbon\/","article_modified_time":"2025-07-17T13:23:29+00:00","og_image":[{"width":1200,"height":675,"url":"https:\/\/www.quickcarbon.com\/tr\/wp-content\/uploads\/2024\/01\/imageedit_3_9138767560.png","type":"image\/png"}],"twitter_card":"summary_large_image","twitter_site":"@QuickCarbon_Tr","twitter_misc":{"Est. reading time":"3 dakika"},"schema":{"@context":"https:\/\/schema.org","@graph":[{"@type":"WebPage","@id":"https:\/\/www.quickcarbon.com\/tr\/kullanim-kosullari\/","url":"https:\/\/www.quickcarbon.com\/tr\/kullanim-kosullari\/","name":"Kullan\u0131m Ko\u015fullar\u0131 - QuickCarbon","isPartOf":{"@id":"https:\/\/www.quickcarbon.com\/tr\/#website"},"datePublished":"2024-03-31T23:37:32+00:00","dateModified":"2025-07-17T13:23:29+00:00","breadcrumb":{"@id":"https:\/\/www.quickcarbon.com\/tr\/kullanim-kosullari\/#breadcrumb"},"inLanguage":"tr","potentialAction":[{"@type":"ReadAction","target":["https:\/\/www.quickcarbon.com\/tr\/kullanim-kosullari\/"]}]},{"@type":"BreadcrumbList","@id":"https:\/\/www.quickcarbon.com\/tr\/kullanim-kosullari\/#breadcrumb","itemListElement":[{"@type":"ListItem","position":1,"name":"Ana Sayfa","item":"https:\/\/www.quickcarbon.com\/tr\/"},{"@type":"ListItem","position":2,"name":"Kullan\u0131m Ko\u015fullar\u0131"}]},{"@type":"WebSite","@id":"https:\/\/www.quickcarbon.com\/tr\/#website","url":"https:\/\/www.quickcarbon.com\/tr\/","name":"QuickCarbon","description":"Take Control of Your Corporate Carbon Footprint","publisher":{"@id":"https:\/\/www.quickcarbon.com\/tr\/#organization"},"alternateName":"QC","potentialAction":[{"@type":"SearchAction","target":{"@type":"EntryPoint","urlTemplate":"https:\/\/www.quickcarbon.com\/tr\/?s={search_term_string}"},"query-input":{"@type":"PropertyValueSpecification","valueRequired":true,"valueName":"search_term_string"}}],"inLanguage":"tr"},{"@type":"Organization","@id":"https:\/\/www.quickcarbon.com\/tr\/#organization","name":"QuickCarbon","alternateName":"QC","url":"https:\/\/www.quickcarbon.com\/tr\/","logo":{"@type":"ImageObject","inLanguage":"tr","@id":"https:\/\/www.quickcarbon.com\/tr\/#\/schema\/logo\/image\/","url":"https:\/\/www.quickcarbon.com\/tr\/wp-content\/uploads\/2023\/09\/cropped-qc_favicon-1.png","contentUrl":"https:\/\/www.quickcarbon.com\/tr\/wp-content\/uploads\/2023\/09\/cropped-qc_favicon-1.png","width":512,"height":512,"caption":"QuickCarbon"},"image":{"@id":"https:\/\/www.quickcarbon.com\/tr\/#\/schema\/logo\/image\/"},"sameAs":["https:\/\/www.facebook.com\/quickcarbon\/","https:\/\/x.com\/QuickCarbon_Tr","https:\/\/www.instagram.com\/quickcarbon_official\/","https:\/\/www.linkedin.com\/showcase\/quickcarbon-\/"]}]}},"_links":{"self":[{"href":"https:\/\/www.quickcarbon.com\/tr\/wp-json\/wp\/v2\/pages\/1035","targetHints":{"allow":["GET"]}}],"collection":[{"href":"https:\/\/www.quickcarbon.com\/tr\/wp-json\/wp\/v2\/pages"}],"about":[{"href":"https:\/\/www.quickcarbon.com\/tr\/wp-json\/wp\/v2\/types\/page"}],"author":[{"embeddable":true,"href":"https:\/\/www.quickcarbon.com\/tr\/wp-json\/wp\/v2\/users\/1"}],"replies":[{"embeddable":true,"href":"https:\/\/www.quickcarbon.com\/tr\/wp-json\/wp\/v2\/comments?post=1035"}],"version-history":[{"count":8,"href":"https:\/\/www.quickcarbon.com\/tr\/wp-json\/wp\/v2\/pages\/1035\/revisions"}],"predecessor-version":[{"id":1912,"href":"https:\/\/www.quickcarbon.com\/tr\/wp-json\/wp\/v2\/pages\/1035\/revisions\/1912"}],"wp:attachment":[{"href":"https:\/\/www.quickcarbon.com\/tr\/wp-json\/wp\/v2\/media?parent=1035"}],"curies":[{"name":"wp","href":"https:\/\/api.w.org\/{rel}","templated":true}]}}