{"id":1805,"date":"2025-01-20T13:21:05","date_gmt":"2025-01-20T10:21:05","guid":{"rendered":"https:\/\/www.quickcarbon.com\/tr\/?page_id=1805"},"modified":"2025-08-12T15:54:21","modified_gmt":"2025-08-12T12:54:21","slug":"akbank","status":"publish","type":"page","link":"https:\/\/www.quickcarbon.com\/tr\/akbank\/","title":{"rendered":"Akbank SKDM \u0130\u015fbirli\u011fi Ba\u015fvuru Formu"},"content":{"rendered":"\n<h3>\n\t\tS\u0131n\u0131rda Karbon D\u00fczenleme Mekanizmas\u0131&#8217;na Haz\u0131rlan\u0131n! \u0130hracat\u0131n\u0131z\u0131 G\u00fcvenceye Al\u0131n\n\t<\/h3>\n\t\t\t\t<img loading=\"lazy\" decoding=\"async\" src=\"https:\/\/www.quickcarbon.com\/tr\/wp-content\/uploads\/2025\/08\/akbankquickcarbon-1.jpeg\" alt=\"akbank&amp;quickcarbon\" itemprop=\"image\" height=\"400\" width=\"1020\" title=\"akbank&amp;quickcarbon\" onerror=\"this.style.display='none'\"  \/>\n\t\t\t\t<img loading=\"lazy\" decoding=\"async\" src=\"https:\/\/www.quickcarbon.com\/tr\/wp-content\/uploads\/2023\/09\/Group-1351-1.png\" alt=\"Group 1351\" itemprop=\"image\" height=\"35\" width=\"360\" title=\"Group 1351\" onerror=\"this.style.display='none'\"  \/>\n\t\t\t\t<img loading=\"lazy\" decoding=\"async\" src=\"https:\/\/www.quickcarbon.com\/tr\/wp-content\/uploads\/2025\/01\/enerjisa_uretim_logo.png\" alt=\"enerjisa_uretim_logo\" itemprop=\"image\" height=\"603\" width=\"5040\" title=\"enerjisa_uretim_logo\" onerror=\"this.style.display='none'\"  \/>\n\t\t\t\t<img loading=\"lazy\" decoding=\"async\" src=\"https:\/\/www.quickcarbon.com\/tr\/wp-content\/uploads\/2025\/01\/Akbank.png\" alt=\"Akbank\" itemprop=\"image\" height=\"25\" width=\"226\" title=\"Akbank\" onerror=\"this.style.display='none'\"  \/>\n\n","protected":false},"excerpt":{"rendered":"<p>S\u0131n\u0131rda Karbon D\u00fczenleme Mekanizmas\u0131&#8217;na Haz\u0131rlan\u0131n! \u0130hracat\u0131n\u0131z\u0131 G\u00fcvenceye Al\u0131n<\/p>\n","protected":false},"author":1,"featured_media":0,"parent":0,"menu_order":0,"comment_status":"closed","ping_status":"closed","template":"tpl-no-header-footer.php","meta":{"footnotes":""},"class_list":["post-1805","page","type-page","status-publish","hentry"],"yoast_head":"<!-- This site is optimized with the Yoast SEO plugin v25.6 - https:\/\/yoast.com\/wordpress\/plugins\/seo\/ -->\n<title>Akbank SKDM \u0130\u015fbirli\u011fi Ba\u015fvuru Formu - QuickCarbon<\/title>\n<meta name=\"robots\" content=\"index, follow, max-snippet:-1, max-image-preview:large, max-video-preview:-1\" \/>\n<link rel=\"canonical\" href=\"https:\/\/www.quickcarbon.com\/tr\/akbank\/\" \/>\n<meta property=\"og:locale\" content=\"tr_TR\" \/>\n<meta property=\"og:type\" content=\"article\" \/>\n<meta property=\"og:title\" content=\"Akbank SKDM \u0130\u015fbirli\u011fi Ba\u015fvuru Formu - QuickCarbon\" \/>\n<meta property=\"og:description\" content=\"S\u0131n\u0131rda Karbon D\u00fczenleme Mekanizmas\u0131&#8217;na Haz\u0131rlan\u0131n! \u0130hracat\u0131n\u0131z\u0131 G\u00fcvenceye Al\u0131n\" \/>\n<meta property=\"og:url\" content=\"https:\/\/www.quickcarbon.com\/tr\/akbank\/\" \/>\n<meta property=\"og:site_name\" content=\"QuickCarbon\" \/>\n<meta property=\"article:publisher\" content=\"https:\/\/www.facebook.com\/quickcarbon\/\" \/>\n<meta property=\"article:modified_time\" content=\"2025-08-12T12:54:21+00:00\" \/>\n<meta property=\"og:image\" content=\"https:\/\/www.quickcarbon.com\/tr\/wp-content\/uploads\/2025\/08\/akbankquickcarbon-1.jpeg\" \/>\n<meta name=\"twitter:card\" content=\"summary_large_image\" \/>\n<meta name=\"twitter:site\" content=\"@QuickCarbon_Tr\" \/>\n<meta name=\"twitter:label1\" content=\"Est. reading time\" \/>\n\t<meta name=\"twitter:data1\" content=\"1 dakika\" \/>\n<script type=\"application\/ld+json\" class=\"yoast-schema-graph\">{\"@context\":\"https:\/\/schema.org\",\"@graph\":[{\"@type\":\"WebPage\",\"@id\":\"https:\/\/www.quickcarbon.com\/tr\/akbank\/\",\"url\":\"https:\/\/www.quickcarbon.com\/tr\/akbank\/\",\"name\":\"Akbank SKDM \u0130\u015fbirli\u011fi Ba\u015fvuru Formu - QuickCarbon\",\"isPartOf\":{\"@id\":\"https:\/\/www.quickcarbon.com\/tr\/#website\"},\"primaryImageOfPage\":{\"@id\":\"https:\/\/www.quickcarbon.com\/tr\/akbank\/#primaryimage\"},\"image\":{\"@id\":\"https:\/\/www.quickcarbon.com\/tr\/akbank\/#primaryimage\"},\"thumbnailUrl\":\"https:\/\/www.quickcarbon.com\/tr\/wp-content\/uploads\/2025\/08\/akbankquickcarbon-1.jpeg\",\"datePublished\":\"2025-01-20T10:21:05+00:00\",\"dateModified\":\"2025-08-12T12:54:21+00:00\",\"breadcrumb\":{\"@id\":\"https:\/\/www.quickcarbon.com\/tr\/akbank\/#breadcrumb\"},\"inLanguage\":\"tr\",\"potentialAction\":[{\"@type\":\"ReadAction\",\"target\":[\"https:\/\/www.quickcarbon.com\/tr\/akbank\/\"]}]},{\"@type\":\"ImageObject\",\"inLanguage\":\"tr\",\"@id\":\"https:\/\/www.quickcarbon.com\/tr\/akbank\/#primaryimage\",\"url\":\"https:\/\/www.quickcarbon.com\/tr\/wp-content\/uploads\/2025\/08\/akbankquickcarbon-1.jpeg\",\"contentUrl\":\"https:\/\/www.quickcarbon.com\/tr\/wp-content\/uploads\/2025\/08\/akbankquickcarbon-1.jpeg\",\"width\":1020,\"height\":400},{\"@type\":\"BreadcrumbList\",\"@id\":\"https:\/\/www.quickcarbon.com\/tr\/akbank\/#breadcrumb\",\"itemListElement\":[{\"@type\":\"ListItem\",\"position\":1,\"name\":\"Ana Sayfa\",\"item\":\"https:\/\/www.quickcarbon.com\/tr\/\"},{\"@type\":\"ListItem\",\"position\":2,\"name\":\"Akbank SKDM \u0130\u015fbirli\u011fi Ba\u015fvuru Formu\"}]},{\"@type\":\"WebSite\",\"@id\":\"https:\/\/www.quickcarbon.com\/tr\/#website\",\"url\":\"https:\/\/www.quickcarbon.com\/tr\/\",\"name\":\"QuickCarbon\",\"description\":\"Take Control of Your Corporate Carbon Footprint\",\"publisher\":{\"@id\":\"https:\/\/www.quickcarbon.com\/tr\/#organization\"},\"alternateName\":\"QC\",\"potentialAction\":[{\"@type\":\"SearchAction\",\"target\":{\"@type\":\"EntryPoint\",\"urlTemplate\":\"https:\/\/www.quickcarbon.com\/tr\/?s={search_term_string}\"},\"query-input\":{\"@type\":\"PropertyValueSpecification\",\"valueRequired\":true,\"valueName\":\"search_term_string\"}}],\"inLanguage\":\"tr\"},{\"@type\":\"Organization\",\"@id\":\"https:\/\/www.quickcarbon.com\/tr\/#organization\",\"name\":\"QuickCarbon\",\"alternateName\":\"QC\",\"url\":\"https:\/\/www.quickcarbon.com\/tr\/\",\"logo\":{\"@type\":\"ImageObject\",\"inLanguage\":\"tr\",\"@id\":\"https:\/\/www.quickcarbon.com\/tr\/#\/schema\/logo\/image\/\",\"url\":\"https:\/\/www.quickcarbon.com\/tr\/wp-content\/uploads\/2023\/09\/cropped-qc_favicon-1.png\",\"contentUrl\":\"https:\/\/www.quickcarbon.com\/tr\/wp-content\/uploads\/2023\/09\/cropped-qc_favicon-1.png\",\"width\":512,\"height\":512,\"caption\":\"QuickCarbon\"},\"image\":{\"@id\":\"https:\/\/www.quickcarbon.com\/tr\/#\/schema\/logo\/image\/\"},\"sameAs\":[\"https:\/\/www.facebook.com\/quickcarbon\/\",\"https:\/\/x.com\/QuickCarbon_Tr\",\"https:\/\/www.instagram.com\/quickcarbon_official\/\",\"https:\/\/www.linkedin.com\/showcase\/quickcarbon-\/\"]}]}<\/script>\n<!-- \/ Yoast SEO plugin. -->","yoast_head_json":{"title":"Akbank SKDM \u0130\u015fbirli\u011fi Ba\u015fvuru Formu - QuickCarbon","robots":{"index":"index","follow":"follow","max-snippet":"max-snippet:-1","max-image-preview":"max-image-preview:large","max-video-preview":"max-video-preview:-1"},"canonical":"https:\/\/www.quickcarbon.com\/tr\/akbank\/","og_locale":"tr_TR","og_type":"article","og_title":"Akbank SKDM \u0130\u015fbirli\u011fi Ba\u015fvuru Formu - QuickCarbon","og_description":"S\u0131n\u0131rda Karbon D\u00fczenleme Mekanizmas\u0131&#8217;na Haz\u0131rlan\u0131n! \u0130hracat\u0131n\u0131z\u0131 G\u00fcvenceye Al\u0131n","og_url":"https:\/\/www.quickcarbon.com\/tr\/akbank\/","og_site_name":"QuickCarbon","article_publisher":"https:\/\/www.facebook.com\/quickcarbon\/","article_modified_time":"2025-08-12T12:54:21+00:00","og_image":[{"url":"https:\/\/www.quickcarbon.com\/tr\/wp-content\/uploads\/2025\/08\/akbankquickcarbon-1.jpeg","type":"","width":"","height":""}],"twitter_card":"summary_large_image","twitter_site":"@QuickCarbon_Tr","twitter_misc":{"Est. reading time":"1 dakika"},"schema":{"@context":"https:\/\/schema.org","@graph":[{"@type":"WebPage","@id":"https:\/\/www.quickcarbon.com\/tr\/akbank\/","url":"https:\/\/www.quickcarbon.com\/tr\/akbank\/","name":"Akbank SKDM \u0130\u015fbirli\u011fi Ba\u015fvuru Formu - QuickCarbon","isPartOf":{"@id":"https:\/\/www.quickcarbon.com\/tr\/#website"},"primaryImageOfPage":{"@id":"https:\/\/www.quickcarbon.com\/tr\/akbank\/#primaryimage"},"image":{"@id":"https:\/\/www.quickcarbon.com\/tr\/akbank\/#primaryimage"},"thumbnailUrl":"https:\/\/www.quickcarbon.com\/tr\/wp-content\/uploads\/2025\/08\/akbankquickcarbon-1.jpeg","datePublished":"2025-01-20T10:21:05+00:00","dateModified":"2025-08-12T12:54:21+00:00","breadcrumb":{"@id":"https:\/\/www.quickcarbon.com\/tr\/akbank\/#breadcrumb"},"inLanguage":"tr","potentialAction":[{"@type":"ReadAction","target":["https:\/\/www.quickcarbon.com\/tr\/akbank\/"]}]},{"@type":"ImageObject","inLanguage":"tr","@id":"https:\/\/www.quickcarbon.com\/tr\/akbank\/#primaryimage","url":"https:\/\/www.quickcarbon.com\/tr\/wp-content\/uploads\/2025\/08\/akbankquickcarbon-1.jpeg","contentUrl":"https:\/\/www.quickcarbon.com\/tr\/wp-content\/uploads\/2025\/08\/akbankquickcarbon-1.jpeg","width":1020,"height":400},{"@type":"BreadcrumbList","@id":"https:\/\/www.quickcarbon.com\/tr\/akbank\/#breadcrumb","itemListElement":[{"@type":"ListItem","position":1,"name":"Ana Sayfa","item":"https:\/\/www.quickcarbon.com\/tr\/"},{"@type":"ListItem","position":2,"name":"Akbank SKDM \u0130\u015fbirli\u011fi Ba\u015fvuru Formu"}]},{"@type":"WebSite","@id":"https:\/\/www.quickcarbon.com\/tr\/#website","url":"https:\/\/www.quickcarbon.com\/tr\/","name":"QuickCarbon","description":"Take Control of Your Corporate Carbon Footprint","publisher":{"@id":"https:\/\/www.quickcarbon.com\/tr\/#organization"},"alternateName":"QC","potentialAction":[{"@type":"SearchAction","target":{"@type":"EntryPoint","urlTemplate":"https:\/\/www.quickcarbon.com\/tr\/?s={search_term_string}"},"query-input":{"@type":"PropertyValueSpecification","valueRequired":true,"valueName":"search_term_string"}}],"inLanguage":"tr"},{"@type":"Organization","@id":"https:\/\/www.quickcarbon.com\/tr\/#organization","name":"QuickCarbon","alternateName":"QC","url":"https:\/\/www.quickcarbon.com\/tr\/","logo":{"@type":"ImageObject","inLanguage":"tr","@id":"https:\/\/www.quickcarbon.com\/tr\/#\/schema\/logo\/image\/","url":"https:\/\/www.quickcarbon.com\/tr\/wp-content\/uploads\/2023\/09\/cropped-qc_favicon-1.png","contentUrl":"https:\/\/www.quickcarbon.com\/tr\/wp-content\/uploads\/2023\/09\/cropped-qc_favicon-1.png","width":512,"height":512,"caption":"QuickCarbon"},"image":{"@id":"https:\/\/www.quickcarbon.com\/tr\/#\/schema\/logo\/image\/"},"sameAs":["https:\/\/www.facebook.com\/quickcarbon\/","https:\/\/x.com\/QuickCarbon_Tr","https:\/\/www.instagram.com\/quickcarbon_official\/","https:\/\/www.linkedin.com\/showcase\/quickcarbon-\/"]}]}},"_links":{"self":[{"href":"https:\/\/www.quickcarbon.com\/tr\/wp-json\/wp\/v2\/pages\/1805","targetHints":{"allow":["GET"]}}],"collection":[{"href":"https:\/\/www.quickcarbon.com\/tr\/wp-json\/wp\/v2\/pages"}],"about":[{"href":"https:\/\/www.quickcarbon.com\/tr\/wp-json\/wp\/v2\/types\/page"}],"author":[{"embeddable":true,"href":"https:\/\/www.quickcarbon.com\/tr\/wp-json\/wp\/v2\/users\/1"}],"replies":[{"embeddable":true,"href":"https:\/\/www.quickcarbon.com\/tr\/wp-json\/wp\/v2\/comments?post=1805"}],"version-history":[{"count":6,"href":"https:\/\/www.quickcarbon.com\/tr\/wp-json\/wp\/v2\/pages\/1805\/revisions"}],"predecessor-version":[{"id":1920,"href":"https:\/\/www.quickcarbon.com\/tr\/wp-json\/wp\/v2\/pages\/1805\/revisions\/1920"}],"wp:attachment":[{"href":"https:\/\/www.quickcarbon.com\/tr\/wp-json\/wp\/v2\/media?parent=1805"}],"curies":[{"name":"wp","href":"https:\/\/api.w.org\/{rel}","templated":true}]}}