{"id":1837,"date":"2025-02-18T10:00:58","date_gmt":"2025-02-18T07:00:58","guid":{"rendered":"https:\/\/www.quickcarbon.com\/tr\/?page_id=1837"},"modified":"2026-04-14T15:07:54","modified_gmt":"2026-04-14T12:07:54","slug":"kvkk-aydinlatma-metni","status":"publish","type":"page","link":"https:\/\/www.quickcarbon.com\/tr\/kvkk-aydinlatma-metni\/","title":{"rendered":"Ki\u015fisel Verilerin \u0130\u015flenmesine \u0130li\u015fkin Ayd\u0131nlatma Metni"},"content":{"rendered":"\n\n\t<p><strong>K\u0130\u015e\u0130SEL VER\u0130LER\u0130N\u0130N KORUNMASI VE \u0130\u015eLENMES\u0130 HAKKINDA AYDINLATMA METN\u0130<\/strong><\/p>\n<p>6698 say\u0131l\u0131 Ki\u015fisel Verilerin Korunmas\u0131 Kanunu ve Elektronik Ticaretin D\u00fczenlenmesi Hakk\u0131nda Kanun (&#8220;ETK&#8221;) uyar\u0131nca, Enerjisa Enerji \u00dcretim A.\u015e. (&#8220;\u015eirket&#8221;) taraf\u0131ndan elde edilmi\u015f\/edilecek ya da \u015eirket ile payla\u015ft\u0131\u011f\u0131n\u0131z\/payla\u015faca\u011f\u0131n\u0131z veya yetkilisi\/\u00e7al\u0131\u015fan\u0131 oldu\u011funuz firma taraf\u0131ndan ihale, s\u00f6zle\u015fme, sipari\u015f ve \u00f6deme, risk de\u011ferlendirmesi s\u00fcre\u00e7lerinin y\u00fcr\u00fct\u00fclmesi \u00e7er\u00e7evesinde payla\u015fm\u0131\u015f oldu\u011funuz ki\u015fisel veriler, veri sorumlusu s\u0131fat\u0131yla \u015eirket taraf\u0131ndan a\u015fa\u011f\u0131da belirtilen ama\u00e7lar kapsam\u0131nda, hukuka ve d\u00fcr\u00fcstl\u00fck kural\u0131na uygun bir \u015fekilde i\u015flenebilir, kaydedilebilir, saklanabilir, g\u00fcncellenebilir ve 3. Ki\u015filere aktar\u0131labilir.<\/p>\n<p><strong>VER\u0130 SORUMLUSUNUN K\u0130ML\u0130\u011e\u0130<\/strong><\/p>\n<p>&nbsp;<\/p>\n<p>\u00dcnvan: ENERJ\u0130SA ENERJ\u0130 \u00dcRET\u0130M ANON\u0130M \u015e\u0130RKET\u0130<\/p>\n<p>Mersis No: 0335006561200012<\/p>\n<p>Adres: BARBAROS MAHALLES\u0130 \u00c7\u0130\u011eDEM SK. AGAOGLU MY OFFICE Apt. NO: 1\/16 ATA\u015eEH\u0130R\/\u0130STANBUL<\/p>\n<p>Telefon Numaras\u0131: (0216) 512 40 00<\/p>\n<p>Kay\u0131tl\u0131 Elektronik Posta (KEP): enerjisauretim@hs01.kep.tr<\/p>\n<p>&nbsp;<\/p>\n<strong>\u0130\u015eLENEN K\u0130\u015e\u0130SEL VER\u0130 KATEGOR\u0130LER\u0130<br \/>\n<\/strong> \u015eirket taraf\u0131ndan i\u015flenen ki\u015fisel veri kategorileri, a\u015fa\u011f\u0131da belirtilmektedir:\n<ul>\n<li>E-posta adresi<\/li>\n<li>\u0130sim ve soyisim<\/li>\n<li>Telefon numaras\u0131<\/li>\n<li>Finansal veriler,<\/li>\n<li>M\u00fc\u015fteri i\u015flem verileri<\/li>\n<\/ul>\n<p>&nbsp;<\/p>\n<p><strong>K\u0130\u015e\u0130SEL VER\u0130LER\u0130N TOPLANMA Y\u00d6NTEM\u0130<\/strong><\/p>\n<p>Ki\u015fisel verileriniz; a\u015fa\u011f\u0131da a\u00e7\u0131klanan Ama\u00e7lar&#8217;\u0131n ger\u00e7ekle\u015ftirilmesi \u00e7er\u00e7evesinde tedarik\u00e7i bilgi formlar\u0131n\u0131n doldurulmas\u0131,elektronik ortamda e-posta, \u00e7evrimi\u00e7i formlar vas\u0131tas\u0131yla KVKK&#8217;ya uygun \u015fekilde toplanmaktad\u0131r. Ki\u015fisel verileriniz ayr\u0131ca fiziki ar\u015fivler ve bili\u015fim sistemlerine nakledilerek hem dijital hem fiziki ortamlarda muhafaza edilebilecektir.<\/p>\n<p>&nbsp;<\/p>\n<p><strong>K\u0130\u015e\u0130SEL VER\u0130LER\u0130N\u0130Z\u0130N \u0130\u015eLENME AMA\u00c7LARI VE HUKUK\u0130 SEBEPLER\u0130<\/strong><\/p>\n<p>\u015eirket taraf\u0131ndan a\u015fa\u011f\u0131da g\u00f6sterilen ama\u00e7lar (&#8220;<strong>Ama\u00e7lar<\/strong>&#8220;) ve hukuki sebepler ile KVKK&#8217;n\u0131n 5. maddesinde belirtilen ki\u015fisel veri i\u015fleme \u015fartlar\u0131 \u00e7er\u00e7evesinde i\u015flenebilecektir:<\/p>\n<p>&nbsp;<\/p>\n<p>Ki\u015fisel verileriniz, \u015funlar dahil olmak \u00fczere a\u015fa\u011f\u0131daki ama\u00e7larla i\u015flenmektedir:<\/p>\n<ul>\n<li>Elektronik ticari iletiler (kampanya, tan\u0131t\u0131m, bilgilendirme, teklif vb.) g\u00f6nderimi,<\/li>\n<li>Hizmetlerimizin sunulmas\u0131 ve iyile\u015ftirilmesi,<\/li>\n<li>M\u00fc\u015fteri memnuniyeti \u00e7al\u0131\u015fmalar\u0131n\u0131n y\u00fcr\u00fct\u00fclmesi.<\/li>\n<\/ul>\n<p><strong>\u0130lgili ki\u015finin temel hak ve \u00f6zg\u00fcrl\u00fcklerine zarar vermemek kayd\u0131yla, \u015eirket&#8217;in me\u015fru menfaatleri i\u00e7in veri i\u015flenmesinin zorunlu olmas\u0131 hukuki sebebine dayal\u0131 olarak;<\/strong><\/p>\n<ul>\n<li>\u015eirket taraf\u0131ndan eri\u015fim yetkilerinin y\u00fcr\u00fct\u00fclmesi amac\u0131yla kimlik ve ileti\u015fim verileri<\/li>\n<li>\u015eirket taraf\u0131ndan ziyaret\u00e7i kay\u0131tlar\u0131n\u0131n olu\u015fturulmas\u0131 ve takibi amac\u0131yla i\u015flem g\u00fcvenli\u011fi verileri<\/li>\n<li>\u015eirket taraf\u0131ndan s\u00f6zle\u015fme s\u00fcre\u00e7lerinin y\u00fcr\u00fct\u00fclmesi amac\u0131yla kimlik, ileti\u015fim verileri ve m\u00fc\u015fteri i\u015flem verileri,<\/li>\n<li>\u015eirket taraf\u0131ndan i\u015f faaliyetlerinin y\u00fcr\u00fct\u00fclmesi amac\u0131yla kimlik, ileti\u015fim verileri ve m\u00fc\u015fteri i\u015flem verileri,<\/li>\n<li>\u015eirket taraf\u0131ndan i\u015f s\u00fcreklili\u011finin sa\u011flanmas\u0131 ve faaliyetlerin y\u00fcr\u00fct\u00fclmesi amac\u0131yla kimlik, ileti\u015fim, finansal veriler, m\u00fc\u015fteri i\u015flem verileri<\/li>\n<li>\u015eirket taraf\u0131ndan saklama ve ar\u015fiv faaliyetlerinin y\u00fcr\u00fct\u00fclmesi amac\u0131yla ileti\u015fim ve kimlik verileri,<\/li>\n<li>\u015eirket taraf\u0131ndan ileti\u015fim faaliyetlerinin y\u00fcr\u00fct\u00fclmesi amac\u0131yla kimlik, ileti\u015fim verileri ve m\u00fc\u015fteri i\u015flem verileri,<\/li>\n<li>\u015eirket taraf\u0131ndan m\u00fc\u015fteri memnuniyetine y\u00f6nelik aktivitelerin y\u00fcr\u00fct\u00fclmesi amac\u0131yla kimlik ve ileti\u015fim verileri,<\/li>\n<li>\u015eirket taraf\u0131ndan i\u015f s\u00fcre\u00e7lerinin iyile\u015ftirilmesine y\u00f6nelik \u00f6nerilerin al\u0131nmas\u0131 ve de\u011ferlendirilmesi amac\u0131yla kimlik, ileti\u015fim, m\u00fc\u015fteri i\u015flem verileri<\/li>\n<li>Hukuk i\u015flerinin takibi ve y\u00fcr\u00fct\u00fclmesi amac\u0131yla ileti\u015fim, kimlik verileri<\/li>\n<li>Yetkili kurum ve kurulu\u015flara bilgi verilmesi amac\u0131yla kimlik, ileti\u015fim, finansal veriler, m\u00fc\u015fteri i\u015flem verileri<\/li>\n<li>Veri sorumlusu operasyonlar\u0131n\u0131n g\u00fcvenli\u011finin temini amac\u0131yla i\u015flem g\u00fcvenli\u011fi verileri<\/li>\n<li>Denetim \/ Etik faaliyetlerinin y\u00fcr\u00fct\u00fclmesi amac\u0131yla kimlik, ileti\u015fim, finansal veriler, m\u00fc\u015fteri i\u015flem verileri,<\/li>\n<li>\u0130\u015f Sa\u011fl\u0131\u011f\u0131\/G\u00fcvenli\u011fi faaliyetlerinin y\u00fcr\u00fct\u00fclmesi amac\u0131yla ileti\u015fim, kimlik verileri,<\/li>\n<li>Ticari ileti\u015fim s\u00fcre\u00e7lerinin y\u00fcr\u00fct\u00fclmesi amac\u0131yla, bu konuda hizmet ald\u0131\u011f\u0131m\u0131z elektronik ticari ileti hizmet sa\u011flay\u0131c\u0131s\u0131na, kimlik (ad, soyad\u0131), ileti\u015fim (cep telefonu numaras\u0131, e-posta adresi) ve m\u00fc\u015fteri i\u015flem (ileti i\u00e7eri\u011fi, ileti g\u00f6nderim tarihi ve saati) verilerinizi,<\/li>\n<li>Yasal y\u00fck\u00fcml\u00fcl\u00fcklerimizi yerine getirmek amac\u0131yla, \u0130leti Y\u00f6netim Sistemi A.\u015e.&#8217;ye (\u0130YS) kimlik (ad, soyad\u0131), ileti\u015fim (cep telefonu, e-posta adresi) ve hukuki i\u015flem (ticari ileti\u015fim onay\/ret bilgisi, onay\u0131n kayna\u011f\u0131, onay\u0131n ne \u015fekilde al\u0131nd\u0131\u011f\u0131, onay tarihi ve saati, onay verilen ileti\u015fim y\u00f6ntemi) verilerinizi, &#8220;veri sorumlusunun hukuki y\u00fck\u00fcml\u00fcl\u00fc\u011f\u00fcn\u00fc yerine getirebilmesi i\u00e7in zorunlu olmas\u0131&#8221; hukuki sebebine dayanarak; ayn\u0131 verileri, ticari ileti\u015fim s\u00fcre\u00e7lerinin y\u00fcr\u00fct\u00fclmesi kapsam\u0131nda ticari ileti\u015fimlere ili\u015fkin kay\u0131tlar\u0131n \u0130YS&#8217;ye kaydedilmesi konusunda entegrasyon hizmeti al\u0131nmas\u0131 amac\u0131yla<\/li>\n<\/ul>\n<p>&nbsp;<\/p>\n<p><strong>Kanunlarca a\u00e7\u0131k\u00e7a \u00f6ng\u00f6r\u00fclmesi ve veri sorumlusunun hukuki y\u00fck\u00fcml\u00fcl\u00fc\u011f\u00fcn\u00fc yerine getirebilmesi i\u00e7in zorunlu olmas\u0131 hukuki sebebine dayal\u0131 olarak;<\/strong><\/p>\n<ul>\n<li>Faaliyetlerin mevzuata uygun y\u00fcr\u00fct\u00fclmesi amac\u0131yla kimlik, ileti\u015fim, finansal veriler, m\u00fc\u015fteri i\u015flem verileri ve i\u015flem g\u00fcvenli\u011fi verileri<\/li>\n<\/ul>\n<p>&nbsp;<\/p>\n<p><strong>Bir s\u00f6zle\u015fmenin kurulmas\u0131 veya ifas\u0131yla do\u011frudan do\u011fruya ilgili olmas\u0131 kayd\u0131yla, s\u00f6zle\u015fmenin taraflar\u0131na ait ki\u015fisel verilerin i\u015flenmesinin gerekli olmas\u0131 hukuki sebebine dayanarak;<\/strong><\/p>\n<p>&nbsp;<\/p>\n<ul>\n<li>Mal ve hizmet sat\u0131n al\u0131m s\u00fcre\u00e7lerinin y\u00fcr\u00fct\u00fclmesi amac\u0131yla kimlik, ileti\u015fim, finansal veriler, m\u00fc\u015fteri i\u015flem verileri<\/li>\n<li>S\u00f6zle\u015fme s\u00fcre\u00e7lerinin y\u00fcr\u00fct\u00fclmesi amac\u0131yla kimlik, ileti\u015fim, finansal veriler, hukuki i\u015flem verileri, m\u00fc\u015fteri i\u015flem verileri<\/li>\n<li>Eri\u015fim Yetkilerinin Y\u00fcr\u00fct\u00fclmesi amac\u0131yla kimlik, ileti\u015fim, m\u00fc\u015fteri i\u015flem verileri<\/li>\n<li>\u0130leti\u015fim faaliyetlerinin y\u00fcr\u00fct\u00fclmesi amac\u0131yla kimlik, ileti\u015fim, m\u00fc\u015fteri i\u015flem verileri<\/li>\n<\/ul>\n<p>&nbsp;<\/p>\n<p><strong>A\u00e7\u0131k r\u0131zan\u0131z\u0131n varl\u0131\u011f\u0131 halinde a\u00e7\u0131k r\u0131zan\u0131za istinaden;<\/strong><\/p>\n<ul>\n<li>\u0130\u015f geli\u015ftirme faaliyetlerinin y\u00fcr\u00fct\u00fclmesi, potansiyel i\u015f birliklerinin de\u011ferlendirilmesi ve bu ama\u00e7la toplant\u0131 \/ randevu organizasyonlar\u0131n\u0131n yap\u0131lmas\u0131<\/li>\n<\/ul>\n<p>&nbsp;<\/p>\n<p><strong>K\u0130\u015e\u0130SEL VER\u0130LER\u0130N\u0130Z\u0130N AKTARILAB\u0130LECE\u011e\u0130 K\u0130\u015e\u0130 YA DA KURULU\u015eLAR \u0130LE AKTARIM AMA\u00c7LARI<\/strong><\/p>\n<p>Toplanan ki\u015fisel verileriniz yukar\u0131daki Ama\u00e7lar\u0131n ger\u00e7ekle\u015ftirilmesi do\u011frultusunda; i\u015f s\u00fcre\u00e7lerinin gerektirdi\u011fi \u00f6l\u00e7\u00fcde ve mevzuat\u0131n gerektirdi\u011fi i\u015fleme \u015fartlar\u0131na uygun olarak, gerekli g\u00fcvenlik \u00f6nlemleri al\u0131narak, \u015eirketimizin me\u015fru menfaati hukuki sebebine dayal\u0131 olarak i\u015ftirak ve ba\u011fl\u0131 ortakl\u0131klar\u0131na, i\u015f ortaklar\u0131m\u0131z, \u015eirket hissedarlar\u0131na, kanunlarda a\u00e7\u0131k\u00e7a \u00f6ng\u00f6r\u00fclmesi ve hukuki y\u00fck\u00fcml\u00fcl\u00fcklerimizin yerine getirilmesi kapsam\u0131nda hukuken yetkili kamu kurum ve kurulu\u015flar\u0131na, \u015eirket sistem ve yaz\u0131l\u0131mlar\u0131n\u0131n kullan\u0131m\u0131 amac\u0131yla sunucular\u0131 yurt d\u0131\u015f\u0131nda bulunan hizmet sa\u011flay\u0131c\u0131 firmaya, KVKK&#8217;n\u0131n 8. ve 9. maddelerinde belirtilen ki\u015fisel verilerin aktar\u0131m\u0131na ili\u015fkin kurallara uygun olarak aktar\u0131labilecektir.<\/p>\n<p>&nbsp;<\/p>\n<p>&nbsp;<\/p>\n<p><strong>K\u0130\u015e\u0130SEL VER\u0130LER \u0130LE \u0130LG\u0130L\u0130 HAKLARINIZ<\/strong><\/p>\n<p>Taraf\u0131m\u0131zca i\u015flenen ki\u015fisel verilerinize ili\u015fkin olarak KVKK&#8217;n\u0131n 11. Maddesi kapsam\u0131ndaki taleplerinizi; Veri Sorumlusu Ba\u015fvuru Usul ve Esaslar\u0131 Hakk\u0131nda Tebli\u011f&#8217;e uygun \u015fekilde yaz\u0131l\u0131 olarak ya da kay\u0131tl\u0131 elektronik posta (KEP) adresi, g\u00fcvenli elektronik imza ya da taraf\u0131m\u0131za daha \u00f6nce bildirdi\u011finiz ve sistemimizde kay\u0131tl\u0131 bulunan elektronik posta adresinizi kullanarak a\u015fa\u011f\u0131daki adreslere her zaman iletebilirsiniz:<\/p>\n<p>E-posta: kisiselveri@enerjisauretim.com<\/p>\n<p>KEP: enerjisauretim@hs01.kep.tr<\/p>\n<p>Adres: Barbaros Mh. \u00c7i\u011fdem Sk. A\u011fao\u011flu My Office Apt No: 1\/16 Ata\u015fehir \/ \u0130stanbul<\/p>\n\n","protected":false},"excerpt":{"rendered":"<p>K\u0130\u015e\u0130SEL VER\u0130LER\u0130N\u0130N KORUNMASI VE \u0130\u015eLENMES\u0130 HAKKINDA AYDINLATMA METN\u0130 6698 say\u0131l\u0131 Ki\u015fisel Verilerin Korunmas\u0131 Kanunu ve Elektronik Ticaretin D\u00fczenlenmesi Hakk\u0131nda Kanun (&#8220;ETK&#8221;) uyar\u0131nca, Enerjisa Enerji \u00dcretim A.\u015e. (&#8220;\u015eirket&#8221;) taraf\u0131ndan elde edilmi\u015f\/edilecek ya da \u015eirket ile payla\u015ft\u0131\u011f\u0131n\u0131z\/payla\u015faca\u011f\u0131n\u0131z veya yetkilisi\/\u00e7al\u0131\u015fan\u0131 oldu\u011funuz firma taraf\u0131ndan ihale, s\u00f6zle\u015fme, sipari\u015f ve \u00f6deme, risk de\u011ferlendirmesi s\u00fcre\u00e7lerinin y\u00fcr\u00fct\u00fclmesi \u00e7er\u00e7evesinde payla\u015fm\u0131\u015f oldu\u011funuz ki\u015fisel veriler, veri&hellip;<\/p>\n","protected":false},"author":1,"featured_media":0,"parent":0,"menu_order":0,"comment_status":"closed","ping_status":"closed","template":"","meta":{"footnotes":""},"class_list":["post-1837","page","type-page","status-publish","hentry"],"yoast_head":"<!-- This site is optimized with the Yoast SEO plugin v25.6 - https:\/\/yoast.com\/wordpress\/plugins\/seo\/ -->\n<title>Ki\u015fisel Verilerin \u0130\u015flenmesine \u0130li\u015fkin Ayd\u0131nlatma Metni - QuickCarbon<\/title>\n<meta name=\"robots\" content=\"index, follow, max-snippet:-1, max-image-preview:large, max-video-preview:-1\" \/>\n<link rel=\"canonical\" href=\"https:\/\/www.quickcarbon.com\/tr\/kvkk-aydinlatma-metni\/\" \/>\n<meta property=\"og:locale\" content=\"tr_TR\" \/>\n<meta property=\"og:type\" content=\"article\" \/>\n<meta property=\"og:title\" content=\"Ki\u015fisel Verilerin \u0130\u015flenmesine \u0130li\u015fkin Ayd\u0131nlatma Metni - QuickCarbon\" \/>\n<meta property=\"og:description\" content=\"K\u0130\u015e\u0130SEL VER\u0130LER\u0130N\u0130N KORUNMASI VE \u0130\u015eLENMES\u0130 HAKKINDA AYDINLATMA METN\u0130 6698 say\u0131l\u0131 Ki\u015fisel Verilerin Korunmas\u0131 Kanunu ve Elektronik Ticaretin D\u00fczenlenmesi Hakk\u0131nda Kanun (&#8220;ETK&#8221;) uyar\u0131nca, Enerjisa Enerji \u00dcretim A.\u015e. (&#8220;\u015eirket&#8221;) taraf\u0131ndan elde edilmi\u015f\/edilecek ya da \u015eirket ile payla\u015ft\u0131\u011f\u0131n\u0131z\/payla\u015faca\u011f\u0131n\u0131z veya yetkilisi\/\u00e7al\u0131\u015fan\u0131 oldu\u011funuz firma taraf\u0131ndan ihale, s\u00f6zle\u015fme, sipari\u015f ve \u00f6deme, risk de\u011ferlendirmesi s\u00fcre\u00e7lerinin y\u00fcr\u00fct\u00fclmesi \u00e7er\u00e7evesinde payla\u015fm\u0131\u015f oldu\u011funuz ki\u015fisel veriler, veri&hellip;\" \/>\n<meta property=\"og:url\" content=\"https:\/\/www.quickcarbon.com\/tr\/kvkk-aydinlatma-metni\/\" \/>\n<meta property=\"og:site_name\" content=\"QuickCarbon\" \/>\n<meta property=\"article:publisher\" content=\"https:\/\/www.facebook.com\/quickcarbon\/\" \/>\n<meta property=\"article:modified_time\" content=\"2026-04-14T12:07:54+00:00\" \/>\n<meta property=\"og:image\" content=\"https:\/\/www.quickcarbon.com\/tr\/wp-content\/uploads\/2024\/01\/imageedit_3_9138767560.png\" \/>\n\t<meta property=\"og:image:width\" content=\"1200\" \/>\n\t<meta property=\"og:image:height\" content=\"675\" \/>\n\t<meta property=\"og:image:type\" content=\"image\/png\" \/>\n<meta name=\"twitter:card\" content=\"summary_large_image\" \/>\n<meta name=\"twitter:site\" content=\"@QuickCarbon_Tr\" \/>\n<meta name=\"twitter:label1\" content=\"Est. reading time\" \/>\n\t<meta name=\"twitter:data1\" content=\"5 dakika\" \/>\n<script type=\"application\/ld+json\" class=\"yoast-schema-graph\">{\"@context\":\"https:\/\/schema.org\",\"@graph\":[{\"@type\":\"WebPage\",\"@id\":\"https:\/\/www.quickcarbon.com\/tr\/kvkk-aydinlatma-metni\/\",\"url\":\"https:\/\/www.quickcarbon.com\/tr\/kvkk-aydinlatma-metni\/\",\"name\":\"Ki\u015fisel Verilerin \u0130\u015flenmesine \u0130li\u015fkin Ayd\u0131nlatma Metni - QuickCarbon\",\"isPartOf\":{\"@id\":\"https:\/\/www.quickcarbon.com\/tr\/#website\"},\"datePublished\":\"2025-02-18T07:00:58+00:00\",\"dateModified\":\"2026-04-14T12:07:54+00:00\",\"breadcrumb\":{\"@id\":\"https:\/\/www.quickcarbon.com\/tr\/kvkk-aydinlatma-metni\/#breadcrumb\"},\"inLanguage\":\"tr\",\"potentialAction\":[{\"@type\":\"ReadAction\",\"target\":[\"https:\/\/www.quickcarbon.com\/tr\/kvkk-aydinlatma-metni\/\"]}]},{\"@type\":\"BreadcrumbList\",\"@id\":\"https:\/\/www.quickcarbon.com\/tr\/kvkk-aydinlatma-metni\/#breadcrumb\",\"itemListElement\":[{\"@type\":\"ListItem\",\"position\":1,\"name\":\"Ana Sayfa\",\"item\":\"https:\/\/www.quickcarbon.com\/tr\/\"},{\"@type\":\"ListItem\",\"position\":2,\"name\":\"Ki\u015fisel Verilerin \u0130\u015flenmesine \u0130li\u015fkin Ayd\u0131nlatma Metni\"}]},{\"@type\":\"WebSite\",\"@id\":\"https:\/\/www.quickcarbon.com\/tr\/#website\",\"url\":\"https:\/\/www.quickcarbon.com\/tr\/\",\"name\":\"QuickCarbon\",\"description\":\"Take Control of Your Corporate Carbon Footprint\",\"publisher\":{\"@id\":\"https:\/\/www.quickcarbon.com\/tr\/#organization\"},\"alternateName\":\"QC\",\"potentialAction\":[{\"@type\":\"SearchAction\",\"target\":{\"@type\":\"EntryPoint\",\"urlTemplate\":\"https:\/\/www.quickcarbon.com\/tr\/?s={search_term_string}\"},\"query-input\":{\"@type\":\"PropertyValueSpecification\",\"valueRequired\":true,\"valueName\":\"search_term_string\"}}],\"inLanguage\":\"tr\"},{\"@type\":\"Organization\",\"@id\":\"https:\/\/www.quickcarbon.com\/tr\/#organization\",\"name\":\"QuickCarbon\",\"alternateName\":\"QC\",\"url\":\"https:\/\/www.quickcarbon.com\/tr\/\",\"logo\":{\"@type\":\"ImageObject\",\"inLanguage\":\"tr\",\"@id\":\"https:\/\/www.quickcarbon.com\/tr\/#\/schema\/logo\/image\/\",\"url\":\"https:\/\/www.quickcarbon.com\/tr\/wp-content\/uploads\/2023\/09\/cropped-qc_favicon-1.png\",\"contentUrl\":\"https:\/\/www.quickcarbon.com\/tr\/wp-content\/uploads\/2023\/09\/cropped-qc_favicon-1.png\",\"width\":512,\"height\":512,\"caption\":\"QuickCarbon\"},\"image\":{\"@id\":\"https:\/\/www.quickcarbon.com\/tr\/#\/schema\/logo\/image\/\"},\"sameAs\":[\"https:\/\/www.facebook.com\/quickcarbon\/\",\"https:\/\/x.com\/QuickCarbon_Tr\",\"https:\/\/www.instagram.com\/quickcarbon_official\/\",\"https:\/\/www.linkedin.com\/showcase\/quickcarbon-\/\"]}]}<\/script>\n<!-- \/ Yoast SEO plugin. -->","yoast_head_json":{"title":"Ki\u015fisel Verilerin \u0130\u015flenmesine \u0130li\u015fkin Ayd\u0131nlatma Metni - QuickCarbon","robots":{"index":"index","follow":"follow","max-snippet":"max-snippet:-1","max-image-preview":"max-image-preview:large","max-video-preview":"max-video-preview:-1"},"canonical":"https:\/\/www.quickcarbon.com\/tr\/kvkk-aydinlatma-metni\/","og_locale":"tr_TR","og_type":"article","og_title":"Ki\u015fisel Verilerin \u0130\u015flenmesine \u0130li\u015fkin Ayd\u0131nlatma Metni - QuickCarbon","og_description":"K\u0130\u015e\u0130SEL VER\u0130LER\u0130N\u0130N KORUNMASI VE \u0130\u015eLENMES\u0130 HAKKINDA AYDINLATMA METN\u0130 6698 say\u0131l\u0131 Ki\u015fisel Verilerin Korunmas\u0131 Kanunu ve Elektronik Ticaretin D\u00fczenlenmesi Hakk\u0131nda Kanun (&#8220;ETK&#8221;) uyar\u0131nca, Enerjisa Enerji \u00dcretim A.\u015e. (&#8220;\u015eirket&#8221;) taraf\u0131ndan elde edilmi\u015f\/edilecek ya da \u015eirket ile payla\u015ft\u0131\u011f\u0131n\u0131z\/payla\u015faca\u011f\u0131n\u0131z veya yetkilisi\/\u00e7al\u0131\u015fan\u0131 oldu\u011funuz firma taraf\u0131ndan ihale, s\u00f6zle\u015fme, sipari\u015f ve \u00f6deme, risk de\u011ferlendirmesi s\u00fcre\u00e7lerinin y\u00fcr\u00fct\u00fclmesi \u00e7er\u00e7evesinde payla\u015fm\u0131\u015f oldu\u011funuz ki\u015fisel veriler, veri&hellip;","og_url":"https:\/\/www.quickcarbon.com\/tr\/kvkk-aydinlatma-metni\/","og_site_name":"QuickCarbon","article_publisher":"https:\/\/www.facebook.com\/quickcarbon\/","article_modified_time":"2026-04-14T12:07:54+00:00","og_image":[{"width":1200,"height":675,"url":"https:\/\/www.quickcarbon.com\/tr\/wp-content\/uploads\/2024\/01\/imageedit_3_9138767560.png","type":"image\/png"}],"twitter_card":"summary_large_image","twitter_site":"@QuickCarbon_Tr","twitter_misc":{"Est. reading time":"5 dakika"},"schema":{"@context":"https:\/\/schema.org","@graph":[{"@type":"WebPage","@id":"https:\/\/www.quickcarbon.com\/tr\/kvkk-aydinlatma-metni\/","url":"https:\/\/www.quickcarbon.com\/tr\/kvkk-aydinlatma-metni\/","name":"Ki\u015fisel Verilerin \u0130\u015flenmesine \u0130li\u015fkin Ayd\u0131nlatma Metni - QuickCarbon","isPartOf":{"@id":"https:\/\/www.quickcarbon.com\/tr\/#website"},"datePublished":"2025-02-18T07:00:58+00:00","dateModified":"2026-04-14T12:07:54+00:00","breadcrumb":{"@id":"https:\/\/www.quickcarbon.com\/tr\/kvkk-aydinlatma-metni\/#breadcrumb"},"inLanguage":"tr","potentialAction":[{"@type":"ReadAction","target":["https:\/\/www.quickcarbon.com\/tr\/kvkk-aydinlatma-metni\/"]}]},{"@type":"BreadcrumbList","@id":"https:\/\/www.quickcarbon.com\/tr\/kvkk-aydinlatma-metni\/#breadcrumb","itemListElement":[{"@type":"ListItem","position":1,"name":"Ana Sayfa","item":"https:\/\/www.quickcarbon.com\/tr\/"},{"@type":"ListItem","position":2,"name":"Ki\u015fisel Verilerin \u0130\u015flenmesine \u0130li\u015fkin Ayd\u0131nlatma Metni"}]},{"@type":"WebSite","@id":"https:\/\/www.quickcarbon.com\/tr\/#website","url":"https:\/\/www.quickcarbon.com\/tr\/","name":"QuickCarbon","description":"Take Control of Your Corporate Carbon Footprint","publisher":{"@id":"https:\/\/www.quickcarbon.com\/tr\/#organization"},"alternateName":"QC","potentialAction":[{"@type":"SearchAction","target":{"@type":"EntryPoint","urlTemplate":"https:\/\/www.quickcarbon.com\/tr\/?s={search_term_string}"},"query-input":{"@type":"PropertyValueSpecification","valueRequired":true,"valueName":"search_term_string"}}],"inLanguage":"tr"},{"@type":"Organization","@id":"https:\/\/www.quickcarbon.com\/tr\/#organization","name":"QuickCarbon","alternateName":"QC","url":"https:\/\/www.quickcarbon.com\/tr\/","logo":{"@type":"ImageObject","inLanguage":"tr","@id":"https:\/\/www.quickcarbon.com\/tr\/#\/schema\/logo\/image\/","url":"https:\/\/www.quickcarbon.com\/tr\/wp-content\/uploads\/2023\/09\/cropped-qc_favicon-1.png","contentUrl":"https:\/\/www.quickcarbon.com\/tr\/wp-content\/uploads\/2023\/09\/cropped-qc_favicon-1.png","width":512,"height":512,"caption":"QuickCarbon"},"image":{"@id":"https:\/\/www.quickcarbon.com\/tr\/#\/schema\/logo\/image\/"},"sameAs":["https:\/\/www.facebook.com\/quickcarbon\/","https:\/\/x.com\/QuickCarbon_Tr","https:\/\/www.instagram.com\/quickcarbon_official\/","https:\/\/www.linkedin.com\/showcase\/quickcarbon-\/"]}]}},"_links":{"self":[{"href":"https:\/\/www.quickcarbon.com\/tr\/wp-json\/wp\/v2\/pages\/1837","targetHints":{"allow":["GET"]}}],"collection":[{"href":"https:\/\/www.quickcarbon.com\/tr\/wp-json\/wp\/v2\/pages"}],"about":[{"href":"https:\/\/www.quickcarbon.com\/tr\/wp-json\/wp\/v2\/types\/page"}],"author":[{"embeddable":true,"href":"https:\/\/www.quickcarbon.com\/tr\/wp-json\/wp\/v2\/users\/1"}],"replies":[{"embeddable":true,"href":"https:\/\/www.quickcarbon.com\/tr\/wp-json\/wp\/v2\/comments?post=1837"}],"version-history":[{"count":9,"href":"https:\/\/www.quickcarbon.com\/tr\/wp-json\/wp\/v2\/pages\/1837\/revisions"}],"predecessor-version":[{"id":2164,"href":"https:\/\/www.quickcarbon.com\/tr\/wp-json\/wp\/v2\/pages\/1837\/revisions\/2164"}],"wp:attachment":[{"href":"https:\/\/www.quickcarbon.com\/tr\/wp-json\/wp\/v2\/media?parent=1837"}],"curies":[{"name":"wp","href":"https:\/\/api.w.org\/{rel}","templated":true}]}}