{"id":2007,"date":"2026-01-05T10:16:47","date_gmt":"2026-01-05T07:16:47","guid":{"rendered":"https:\/\/www.quickcarbon.com\/tr\/?page_id=2007"},"modified":"2026-01-26T15:50:52","modified_gmt":"2026-01-26T12:50:52","slug":"skdm","status":"publish","type":"page","link":"https:\/\/www.quickcarbon.com\/tr\/skdm\/","title":{"rendered":"SKDM"},"content":{"rendered":"\n<h2>\n\t\tS\u0131n\u0131rda Karbon D\u00fczenleme Mekanizmas\u0131\n\t<\/h2>\n<h3>\n\t\tSKDM Sorgulama Arac\u0131\n\t<\/h3>\n    <iframe \n      id=\"cbam-scope\" \n      src=\"https:\/\/app.quickcarbon.com\/cbam-scope?embed=1&#038;lang=tr\" \n      scrolling=\"no\"><\/iframe>\n<style>\n.cbam-wrapper {\n  background: #ffffff;\n  border-radius: 16px;\n  box-shadow: -10px 10px 30px 10px rgba(0, 0, 0, 0.15);\n  padding: 24px;              \/* kart\u0131n i\u00e7 bo\u015flu\u011fu *\/\n}\n.cbam-inner {\n  background: #ffffff;\n  border-radius: 12px;\n  overflow: hidden;\n}\n#cbam-scope {\n  width: 100%;\n  height: 410px;\n  border: none;\n  display: block;\n}\n<\/style>\n\t\t\t\t<img decoding=\"async\" src=\"https:\/\/www.quickcarbon.com\/wp-content\/uploads\/2023\/09\/Group-1669.png\" alt=\"Group 1669\" itemprop=\"image\" title=\"Group 1669\" onerror=\"this.style.display='none'\"  \/>\n<h4>QuickCarbon SKDM yaz\u0131l\u0131m\u0131 ne sunar?<\/h4>\t\t\n\t\t\t<ul>\n<li>G\u00f6m\u00fcl\u00fc karbon emisyonlar\u0131n\u0131 hesaplar<\/li>\n<li>AB gerekliliklerine uygun rapor haz\u0131rlar<\/li>\n<\/ul>\n\t\t\t\t<img loading=\"lazy\" decoding=\"async\" src=\"https:\/\/www.quickcarbon.com\/tr\/wp-content\/uploads\/2023\/09\/Group-1672.png\" alt=\"Group 1672\" itemprop=\"image\" height=\"75\" width=\"62\" title=\"Group 1672\" onerror=\"this.style.display='none'\"  \/>\n<h4>SKDM uyumlu raporlama<\/h4>\t\t\n\t\t\t<ul>\n<li>Otomatik rapor olu\u015fturma<\/li>\n<li data-start=\"155\" data-end=\"195\">AB Excel format\u0131na uyumlu i\u00e7erik<\/li>\n<\/ul>\n<p>Raporlama s\u00fcreci pratiktir.<\/p>\n\t\t\t\t\n\t\t\t\t<img decoding=\"async\" src=\"https:\/\/www.quickcarbon.com\/wp-content\/uploads\/2023\/09\/Group-1661.png\" alt=\"Group 1661\" itemprop=\"image\" title=\"Group 1661\" onerror=\"this.style.display='none'\"  \/>\n<h4>Kimler i\u00e7in uygun?<\/h4>\t\t\n\t\t\t<ul>\n<li>AB&#8217;ye ihracat yapan firmalar<\/li>\n<li>SKDM kapsam\u0131ndaki \u00fcr\u00fcnlerle \u00e7al\u0131\u015fan \u015firketler<\/li>\n<li>Karbon ve uyum s\u00fcre\u00e7lerini daha d\u00fczenli y\u00f6netmek isteyen ekipler<\/li>\n<\/ul>\n\t\t\t\t<img loading=\"lazy\" decoding=\"async\" src=\"https:\/\/www.quickcarbon.com\/tr\/wp-content\/uploads\/2024\/08\/Gec\u2560gis\u2560g-Do\u2560eneminde-Yap\u2500\u2592lan-Raporlamada-Hangi-Bilgiler-I\u2560cstenebilir-.jpg\" alt=\"Gec\u2560gis\u2560g-Do\u2560eneminde-Yap\u2500\u2592lan-Raporlamada-Hangi-Bilgiler-I\u2560cstenebilir-\" itemprop=\"image\" height=\"666\" width=\"1072\" title=\"Gec\u2560gis\u2560g-Do\u2560eneminde-Yap\u2500\u2592lan-Raporlamada-Hangi-Bilgiler-I\u2560cstenebilir-\" onerror=\"this.style.display='none'\"  \/>\nSKDM, AB ile ticaret yapan \u015firketler i\u00e7in \u00f6nemli bir y\u00fck\u00fcml\u00fcl\u00fck.<br \/>\nDo\u011fru ara\u00e7larla s\u00fcrecin karma\u015f\u0131k olmas\u0131 gerekmez.\n<p>QuickCarbon SKDM Mod\u00fcl\u00fc, hesaplama ve raporlama ad\u0131mlar\u0131n\u0131 tek bir yerde toplayarak s\u00fcreci daha sade ve y\u00f6netilebilir hale getirir.<\/p>\n<p>\u00dcretim ve faaliyet verilerinizi sisteme girersiniz.<\/p>\n<p>QuickCarbon bu verileri:<\/p>\n<ul type=\"disc\">\n<li>\n<ul type=\"disc\">\n<li>d\u00fczenler<\/li>\n<li>hesaplar<\/li>\n<\/ul>\n<\/li>\n<\/ul>\n<ul>\n<li>SKDM metodolojisine uygun hale getirir<\/li>\n<\/ul>\n<p>Verileriniz kontrol alt\u0131nda kal\u0131r.<\/p>\n\t\t\t\t<img loading=\"lazy\" decoding=\"async\" src=\"https:\/\/www.quickcarbon.com\/tr\/wp-content\/uploads\/2024\/08\/Daha-Yas\u2560ganabilir-Bir-Du\u2560enya-I\u2560cc\u2560gin-S\u2500\u2592n\u2500\u2592rda-Karbon-Du\u2560ezenleme-Mekanizmas\u2500\u2592.jpg\" alt=\"Daha-Yas\u2560ganabilir-Bir-Du\u2560enya-I\u2560cc\u2560gin-S\u2500\u2592n\u2500\u2592rda-Karbon-Du\u2560ezenleme-Mekanizmas\u2500\u2592\" itemprop=\"image\" height=\"666\" width=\"1072\" title=\"Daha-Yas\u2560ganabilir-Bir-Du\u2560enya-I\u2560cc\u2560gin-S\u2500\u2592n\u2500\u2592rda-Karbon-Du\u2560ezenleme-Mekanizmas\u2500\u2592\" onerror=\"this.style.display='none'\"  \/>\n\t\t\t\t<img loading=\"lazy\" decoding=\"async\" src=\"https:\/\/www.quickcarbon.com\/tr\/wp-content\/uploads\/2024\/12\/AB-Emisyon-Ticaret-Sisteminin-Hedefleri.jpg\" alt=\"AB-Emisyon-Ticaret-Sistemi&#039;nin-Hedefleri\" itemprop=\"image\" height=\"666\" width=\"1072\" title=\"AB-Emisyon-Ticaret-Sistemi&#039;nin-Hedefleri\" onerror=\"this.style.display='none'\"  \/>\n\t<ul>\n<li>\n<p>SKDM raporlama d\u00f6nemleri ve \u00f6nemli tarihler ekibimiz taraf\u0131ndan takip edilir ve yaz\u0131l\u0131m g\u00fcncel tutulur.<\/p>\n<p>B\u00f6ylece gecikme riski azal\u0131r.<\/p>\n<\/li>\n<\/ul>\n\n","protected":false},"excerpt":{"rendered":"<p>S\u0131n\u0131rda Karbon D\u00fczenleme Mekanizmas\u0131 SKDM Sorgulama Arac\u0131 QuickCarbon SKDM yaz\u0131l\u0131m\u0131 ne sunar? G\u00f6m\u00fcl\u00fc karbon emisyonlar\u0131n\u0131 hesaplar AB gerekliliklerine uygun rapor haz\u0131rlar SKDM uyumlu raporlama Otomatik rapor olu\u015fturma AB Excel format\u0131na uyumlu i\u00e7erik Raporlama s\u00fcreci pratiktir. Kimler i\u00e7in uygun? AB&#8217;ye ihracat yapan firmalar SKDM kapsam\u0131ndaki \u00fcr\u00fcnlerle \u00e7al\u0131\u015fan \u015firketler Karbon ve uyum s\u00fcre\u00e7lerini daha d\u00fczenli y\u00f6netmek isteyen&hellip;<\/p>\n","protected":false},"author":9,"featured_media":0,"parent":0,"menu_order":0,"comment_status":"closed","ping_status":"closed","template":"","meta":{"footnotes":""},"class_list":["post-2007","page","type-page","status-publish","hentry"],"yoast_head":"<!-- This site is optimized with the Yoast SEO plugin v25.6 - https:\/\/yoast.com\/wordpress\/plugins\/seo\/ -->\n<title>SKDM - QuickCarbon<\/title>\n<meta name=\"robots\" content=\"index, follow, max-snippet:-1, max-image-preview:large, max-video-preview:-1\" \/>\n<link rel=\"canonical\" href=\"https:\/\/www.quickcarbon.com\/tr\/skdm\/\" \/>\n<meta property=\"og:locale\" content=\"tr_TR\" \/>\n<meta property=\"og:type\" content=\"article\" \/>\n<meta property=\"og:title\" content=\"SKDM - QuickCarbon\" \/>\n<meta property=\"og:description\" content=\"S\u0131n\u0131rda Karbon D\u00fczenleme Mekanizmas\u0131 SKDM Sorgulama Arac\u0131 QuickCarbon SKDM yaz\u0131l\u0131m\u0131 ne sunar? G\u00f6m\u00fcl\u00fc karbon emisyonlar\u0131n\u0131 hesaplar AB gerekliliklerine uygun rapor haz\u0131rlar SKDM uyumlu raporlama Otomatik rapor olu\u015fturma AB Excel format\u0131na uyumlu i\u00e7erik Raporlama s\u00fcreci pratiktir. Kimler i\u00e7in uygun? AB&#8217;ye ihracat yapan firmalar SKDM kapsam\u0131ndaki \u00fcr\u00fcnlerle \u00e7al\u0131\u015fan \u015firketler Karbon ve uyum s\u00fcre\u00e7lerini daha d\u00fczenli y\u00f6netmek isteyen&hellip;\" \/>\n<meta property=\"og:url\" content=\"https:\/\/www.quickcarbon.com\/tr\/skdm\/\" \/>\n<meta property=\"og:site_name\" content=\"QuickCarbon\" \/>\n<meta property=\"article:publisher\" content=\"https:\/\/www.facebook.com\/quickcarbon\/\" \/>\n<meta property=\"article:modified_time\" content=\"2026-01-26T12:50:52+00:00\" \/>\n<meta property=\"og:image\" content=\"https:\/\/www.quickcarbon.com\/wp-content\/uploads\/2023\/09\/Group-1669.png\" \/>\n<meta name=\"twitter:card\" content=\"summary_large_image\" \/>\n<meta name=\"twitter:site\" content=\"@QuickCarbon_Tr\" \/>\n<meta name=\"twitter:label1\" content=\"Est. reading time\" \/>\n\t<meta name=\"twitter:data1\" content=\"3 dakika\" \/>\n<script type=\"application\/ld+json\" class=\"yoast-schema-graph\">{\"@context\":\"https:\/\/schema.org\",\"@graph\":[{\"@type\":\"WebPage\",\"@id\":\"https:\/\/www.quickcarbon.com\/tr\/skdm\/\",\"url\":\"https:\/\/www.quickcarbon.com\/tr\/skdm\/\",\"name\":\"SKDM - QuickCarbon\",\"isPartOf\":{\"@id\":\"https:\/\/www.quickcarbon.com\/tr\/#website\"},\"primaryImageOfPage\":{\"@id\":\"https:\/\/www.quickcarbon.com\/tr\/skdm\/#primaryimage\"},\"image\":{\"@id\":\"https:\/\/www.quickcarbon.com\/tr\/skdm\/#primaryimage\"},\"thumbnailUrl\":\"https:\/\/www.quickcarbon.com\/wp-content\/uploads\/2023\/09\/Group-1669.png\",\"datePublished\":\"2026-01-05T07:16:47+00:00\",\"dateModified\":\"2026-01-26T12:50:52+00:00\",\"breadcrumb\":{\"@id\":\"https:\/\/www.quickcarbon.com\/tr\/skdm\/#breadcrumb\"},\"inLanguage\":\"tr\",\"potentialAction\":[{\"@type\":\"ReadAction\",\"target\":[\"https:\/\/www.quickcarbon.com\/tr\/skdm\/\"]}]},{\"@type\":\"ImageObject\",\"inLanguage\":\"tr\",\"@id\":\"https:\/\/www.quickcarbon.com\/tr\/skdm\/#primaryimage\",\"url\":\"https:\/\/www.quickcarbon.com\/wp-content\/uploads\/2023\/09\/Group-1669.png\",\"contentUrl\":\"https:\/\/www.quickcarbon.com\/wp-content\/uploads\/2023\/09\/Group-1669.png\"},{\"@type\":\"BreadcrumbList\",\"@id\":\"https:\/\/www.quickcarbon.com\/tr\/skdm\/#breadcrumb\",\"itemListElement\":[{\"@type\":\"ListItem\",\"position\":1,\"name\":\"Ana Sayfa\",\"item\":\"https:\/\/www.quickcarbon.com\/tr\/\"},{\"@type\":\"ListItem\",\"position\":2,\"name\":\"SKDM\"}]},{\"@type\":\"WebSite\",\"@id\":\"https:\/\/www.quickcarbon.com\/tr\/#website\",\"url\":\"https:\/\/www.quickcarbon.com\/tr\/\",\"name\":\"QuickCarbon\",\"description\":\"Take Control of Your Corporate Carbon Footprint\",\"publisher\":{\"@id\":\"https:\/\/www.quickcarbon.com\/tr\/#organization\"},\"alternateName\":\"QC\",\"potentialAction\":[{\"@type\":\"SearchAction\",\"target\":{\"@type\":\"EntryPoint\",\"urlTemplate\":\"https:\/\/www.quickcarbon.com\/tr\/?s={search_term_string}\"},\"query-input\":{\"@type\":\"PropertyValueSpecification\",\"valueRequired\":true,\"valueName\":\"search_term_string\"}}],\"inLanguage\":\"tr\"},{\"@type\":\"Organization\",\"@id\":\"https:\/\/www.quickcarbon.com\/tr\/#organization\",\"name\":\"QuickCarbon\",\"alternateName\":\"QC\",\"url\":\"https:\/\/www.quickcarbon.com\/tr\/\",\"logo\":{\"@type\":\"ImageObject\",\"inLanguage\":\"tr\",\"@id\":\"https:\/\/www.quickcarbon.com\/tr\/#\/schema\/logo\/image\/\",\"url\":\"https:\/\/www.quickcarbon.com\/tr\/wp-content\/uploads\/2023\/09\/cropped-qc_favicon-1.png\",\"contentUrl\":\"https:\/\/www.quickcarbon.com\/tr\/wp-content\/uploads\/2023\/09\/cropped-qc_favicon-1.png\",\"width\":512,\"height\":512,\"caption\":\"QuickCarbon\"},\"image\":{\"@id\":\"https:\/\/www.quickcarbon.com\/tr\/#\/schema\/logo\/image\/\"},\"sameAs\":[\"https:\/\/www.facebook.com\/quickcarbon\/\",\"https:\/\/x.com\/QuickCarbon_Tr\",\"https:\/\/www.instagram.com\/quickcarbon_official\/\",\"https:\/\/www.linkedin.com\/showcase\/quickcarbon-\/\"]}]}<\/script>\n<!-- \/ Yoast SEO plugin. -->","yoast_head_json":{"title":"SKDM - QuickCarbon","robots":{"index":"index","follow":"follow","max-snippet":"max-snippet:-1","max-image-preview":"max-image-preview:large","max-video-preview":"max-video-preview:-1"},"canonical":"https:\/\/www.quickcarbon.com\/tr\/skdm\/","og_locale":"tr_TR","og_type":"article","og_title":"SKDM - QuickCarbon","og_description":"S\u0131n\u0131rda Karbon D\u00fczenleme Mekanizmas\u0131 SKDM Sorgulama Arac\u0131 QuickCarbon SKDM yaz\u0131l\u0131m\u0131 ne sunar? G\u00f6m\u00fcl\u00fc karbon emisyonlar\u0131n\u0131 hesaplar AB gerekliliklerine uygun rapor haz\u0131rlar SKDM uyumlu raporlama Otomatik rapor olu\u015fturma AB Excel format\u0131na uyumlu i\u00e7erik Raporlama s\u00fcreci pratiktir. Kimler i\u00e7in uygun? AB&#8217;ye ihracat yapan firmalar SKDM kapsam\u0131ndaki \u00fcr\u00fcnlerle \u00e7al\u0131\u015fan \u015firketler Karbon ve uyum s\u00fcre\u00e7lerini daha d\u00fczenli y\u00f6netmek isteyen&hellip;","og_url":"https:\/\/www.quickcarbon.com\/tr\/skdm\/","og_site_name":"QuickCarbon","article_publisher":"https:\/\/www.facebook.com\/quickcarbon\/","article_modified_time":"2026-01-26T12:50:52+00:00","og_image":[{"url":"https:\/\/www.quickcarbon.com\/wp-content\/uploads\/2023\/09\/Group-1669.png","type":"","width":"","height":""}],"twitter_card":"summary_large_image","twitter_site":"@QuickCarbon_Tr","twitter_misc":{"Est. reading time":"3 dakika"},"schema":{"@context":"https:\/\/schema.org","@graph":[{"@type":"WebPage","@id":"https:\/\/www.quickcarbon.com\/tr\/skdm\/","url":"https:\/\/www.quickcarbon.com\/tr\/skdm\/","name":"SKDM - QuickCarbon","isPartOf":{"@id":"https:\/\/www.quickcarbon.com\/tr\/#website"},"primaryImageOfPage":{"@id":"https:\/\/www.quickcarbon.com\/tr\/skdm\/#primaryimage"},"image":{"@id":"https:\/\/www.quickcarbon.com\/tr\/skdm\/#primaryimage"},"thumbnailUrl":"https:\/\/www.quickcarbon.com\/wp-content\/uploads\/2023\/09\/Group-1669.png","datePublished":"2026-01-05T07:16:47+00:00","dateModified":"2026-01-26T12:50:52+00:00","breadcrumb":{"@id":"https:\/\/www.quickcarbon.com\/tr\/skdm\/#breadcrumb"},"inLanguage":"tr","potentialAction":[{"@type":"ReadAction","target":["https:\/\/www.quickcarbon.com\/tr\/skdm\/"]}]},{"@type":"ImageObject","inLanguage":"tr","@id":"https:\/\/www.quickcarbon.com\/tr\/skdm\/#primaryimage","url":"https:\/\/www.quickcarbon.com\/wp-content\/uploads\/2023\/09\/Group-1669.png","contentUrl":"https:\/\/www.quickcarbon.com\/wp-content\/uploads\/2023\/09\/Group-1669.png"},{"@type":"BreadcrumbList","@id":"https:\/\/www.quickcarbon.com\/tr\/skdm\/#breadcrumb","itemListElement":[{"@type":"ListItem","position":1,"name":"Ana Sayfa","item":"https:\/\/www.quickcarbon.com\/tr\/"},{"@type":"ListItem","position":2,"name":"SKDM"}]},{"@type":"WebSite","@id":"https:\/\/www.quickcarbon.com\/tr\/#website","url":"https:\/\/www.quickcarbon.com\/tr\/","name":"QuickCarbon","description":"Take Control of Your Corporate Carbon Footprint","publisher":{"@id":"https:\/\/www.quickcarbon.com\/tr\/#organization"},"alternateName":"QC","potentialAction":[{"@type":"SearchAction","target":{"@type":"EntryPoint","urlTemplate":"https:\/\/www.quickcarbon.com\/tr\/?s={search_term_string}"},"query-input":{"@type":"PropertyValueSpecification","valueRequired":true,"valueName":"search_term_string"}}],"inLanguage":"tr"},{"@type":"Organization","@id":"https:\/\/www.quickcarbon.com\/tr\/#organization","name":"QuickCarbon","alternateName":"QC","url":"https:\/\/www.quickcarbon.com\/tr\/","logo":{"@type":"ImageObject","inLanguage":"tr","@id":"https:\/\/www.quickcarbon.com\/tr\/#\/schema\/logo\/image\/","url":"https:\/\/www.quickcarbon.com\/tr\/wp-content\/uploads\/2023\/09\/cropped-qc_favicon-1.png","contentUrl":"https:\/\/www.quickcarbon.com\/tr\/wp-content\/uploads\/2023\/09\/cropped-qc_favicon-1.png","width":512,"height":512,"caption":"QuickCarbon"},"image":{"@id":"https:\/\/www.quickcarbon.com\/tr\/#\/schema\/logo\/image\/"},"sameAs":["https:\/\/www.facebook.com\/quickcarbon\/","https:\/\/x.com\/QuickCarbon_Tr","https:\/\/www.instagram.com\/quickcarbon_official\/","https:\/\/www.linkedin.com\/showcase\/quickcarbon-\/"]}]}},"_links":{"self":[{"href":"https:\/\/www.quickcarbon.com\/tr\/wp-json\/wp\/v2\/pages\/2007","targetHints":{"allow":["GET"]}}],"collection":[{"href":"https:\/\/www.quickcarbon.com\/tr\/wp-json\/wp\/v2\/pages"}],"about":[{"href":"https:\/\/www.quickcarbon.com\/tr\/wp-json\/wp\/v2\/types\/page"}],"author":[{"embeddable":true,"href":"https:\/\/www.quickcarbon.com\/tr\/wp-json\/wp\/v2\/users\/9"}],"replies":[{"embeddable":true,"href":"https:\/\/www.quickcarbon.com\/tr\/wp-json\/wp\/v2\/comments?post=2007"}],"version-history":[{"count":23,"href":"https:\/\/www.quickcarbon.com\/tr\/wp-json\/wp\/v2\/pages\/2007\/revisions"}],"predecessor-version":[{"id":2131,"href":"https:\/\/www.quickcarbon.com\/tr\/wp-json\/wp\/v2\/pages\/2007\/revisions\/2131"}],"wp:attachment":[{"href":"https:\/\/www.quickcarbon.com\/tr\/wp-json\/wp\/v2\/media?parent=2007"}],"curies":[{"name":"wp","href":"https:\/\/api.w.org\/{rel}","templated":true}]}}