{"id":62,"date":"2023-09-11T12:37:38","date_gmt":"2023-09-11T09:37:38","guid":{"rendered":"https:\/\/www.quickcarbon.com\/tr\/?page_id=62"},"modified":"2025-09-29T09:05:47","modified_gmt":"2025-09-29T06:05:47","slug":"ek-hizmetlerimiz","status":"publish","type":"page","link":"https:\/\/www.quickcarbon.com\/tr\/ek-hizmetlerimiz\/","title":{"rendered":"Ek Hizmetlerimiz"},"content":{"rendered":"\n\n\t\t\t<a href=\"https:\/\/www.quickcarbon.com\/tr\/iletisim\/\" target=\"_self\"><img decoding=\"async\" loading='false' src=\"https:\/\/www.quickcarbon.com\/tr\/wp-content\/uploads\/2023\/09\/Group-1612.png\" alt=\"\" \/><\/a>\t\t\t\n\t\t\t\t<h4>QuickCarbon Hospitality<\/h4><p>QuickCarbon Hospitality ile s\u00fcrd\u00fcr\u00fclebilir turizme katk\u0131da bulunun!<\/p>\n<p>QuickCarbon firmalar\u0131n kurumsal karbon ayak izini y\u00f6netme s\u00fcre\u00e7lerini daha kolay hale getirebilmek i\u00e7in, sekt\u00f6re \u00f6zel \u00e7\u00f6z\u00fcmler \u00fcreterek m\u00fc\u015fterilerimize hizmet vermeye devam ediyor.<\/p>\n<p>\u00d6zellikle hotellerin kullanabilece\u011fi bu mod\u00fcl sayesinde, ilgili standartlara ait veri giri\u015f kategorileri sekt\u00f6r\u00fcn ihtiya\u00e7lar\u0131na g\u00f6re \u015fekillendirildi.<\/p>\n<p>QuickCarbon Hospitality, turizm sekt\u00f6r\u00fcndeki i\u015fletmelerin kurumsal karbon ayak izlerini hesaplamalar\u0131n\u0131 ve azaltmalar\u0131n\u0131 kolayla\u015ft\u0131ran bir yaz\u0131l\u0131m mod\u00fcl\u00fcd\u00fcr. Bu mod\u00fcl, i\u015fletmelerin enerji verimlili\u011fi, su verimlili\u011fi, at\u0131k y\u00f6netimi ve yenilenebilir enerji gibi alanlarda uygulayabilecekleri \u00f6nlemleri belirlemelerine yard\u0131mc\u0131 olur.<\/p>\n<p>Bu sayede;<\/p>\n<ul>\n<li>Karbon ayak izlerini azaltarak \u00e7evresel etkilerinizi azalt\u0131n<\/li>\n<li>S\u00fcrd\u00fcr\u00fclebilir turizme katk\u0131da bulunarak sosyal sorumluluklar\u0131n\u0131 yerine getirin.<\/li>\n<li>M\u00fc\u015fteri memnuniyetini art\u0131rarak rekabet avantaj\u0131 elde edin<\/li>\n<\/ul>\n\t\t\t<a href=\"https:\/\/www.quickcarbon.com\/tr\/iletisim\/\" target=\"_self\" role=\"button\">\n\t\t\t\t\t\t\tTEKL\u0130F AL\n\t\t\t\t\t<\/a>\n<a href=\"https:\/\/www.quickcarbon.com\/tr\/iletisim\/\" target=\"_self\"><img decoding=\"async\" loading='false' src=\"https:\/\/www.quickcarbon.com\/tr\/wp-content\/uploads\/2023\/09\/Group-1612.png\" alt=\"\" \/><\/a>\t\t\t\n\t\t\t<a href=\"https:\/\/www.quickcarbon.com\/tr\/iletisim\/\" target=\"_self\"><img decoding=\"async\" loading='false' src=\"https:\/\/www.quickcarbon.com\/tr\/wp-content\/uploads\/2023\/12\/Group-1869.png\" alt=\"\" \/><\/a>\t\t\t\n\t\t\t\t<h4>QuickCarbon Textile<\/h4><p>QuickCarbon Textile mod\u00fcl\u00fc tekstil ve konfeksiyon sekt\u00f6r\u00fcn\u00fcn ihtiya\u00e7lar\u0131na g\u00f6re \u015fekillendirilmi\u015f bir mod\u00fcld\u00fcr. QuickCarbon Textile, tekstil sekt\u00f6r\u00fcndeki i\u015fletmelerin kurumsal karbon ayak izlerini hesaplamalar\u0131n\u0131 ve azaltmalar\u0131n\u0131 kolayla\u015ft\u0131ran bir yaz\u0131l\u0131m mod\u00fcl\u00fcd\u00fcr. Bu mod\u00fcl, sekt\u00f6r\u00fcn \u00f6zg\u00fcnl\u00fc\u011f\u00fc yans\u0131t\u0131r ve i\u015fletmelere stratejik planlama konusunda enerji verimlili\u011fi, su verimlili\u011fi, at\u0131k y\u00f6netimi ve yenilenebilir enerji gibi alanlarda alacaklar\u0131 aksiyonlar\u0131 belirlemelerine yard\u0131mc\u0131 olur.<\/p>\n\t\t\t<a href=\"https:\/\/www.quickcarbon.com\/tr\/iletisim\/\" target=\"_self\" role=\"button\">\n\t\t\t\t\t\t\tTEKL\u0130F AL\n\t\t\t\t\t<\/a>\n<a href=\"https:\/\/www.quickcarbon.com\/tr\/iletisim\/\" target=\"_self\"><img decoding=\"async\" loading='false' src=\"https:\/\/www.quickcarbon.com\/tr\/wp-content\/uploads\/2023\/12\/Group-1869.png\" alt=\"\" \/><\/a>\t\t\t\n\t\t\t<a href=\"https:\/\/www.quickcarbon.com\/tr\/iletisim\/\" target=\"_self\"><img decoding=\"async\" loading='false' src=\"https:\/\/www.quickcarbon.com\/tr\/wp-content\/uploads\/2023\/12\/Group-1871.png\" alt=\"\" \/><\/a>\t\t\t\n\t\t\t\t<h4>QuickCarbon Real Estate<\/h4><p>QuickCarbon olarak firmalar\u0131n kurumsal karbon ayak izini y\u00f6netme s\u00fcre\u00e7lerini daha kolay hale getirebilmek i\u00e7in, sekt\u00f6re \u00f6zel \u00e7\u00f6z\u00fcmler \u00fcreterek m\u00fc\u015fterilerimize hizmet vermeyi ama\u00e7l\u0131yoruz.<\/p>\n<p>Bu bak\u0131\u015f a\u00e7\u0131s\u0131yla ISO 14064-1:2018 ve GHG Protocol&#8217;e uyumlu Kurumsal Karbon Ayak \u0130zi hesaplama ve raporlama s\u00fcrecini turizm sekt\u00f6r\u00fc i\u00e7in geli\u015ftirdik.<\/p>\n<p>Bu yaz\u0131l\u0131m sayesinde, ilgili standartlara ait veri giri\u015f kategorileri sekt\u00f6r\u00fcn ihtiya\u00e7lar\u0131na g\u00f6re \u015fekillendirildi.<\/p>\n<p>Firmadaki yetkililer taraf\u0131ndan girilecek verilerle birlikte, Kurumsal Karbon Ayak \u0130zinizi hesaplayabilir, raporunuzu tek bir tu\u015fla \u00e7e\u015fitli dil se\u00e7enekleriyle indirebilirsiniz.<\/p>\n<p>Ayr\u0131ca yaz\u0131l\u0131m i\u00e7erisinde yer alan LEED\u00ae Zero analiz arac\u0131 sayesinde halihaz\u0131rda LEED\u00ae sertifikal\u0131 varl\u0131klar\u0131n\u0131z\u0131n LEED\u00ae Zero sertifikasyonuna ba\u015fvurmaya ne kadar yak\u0131n oldu\u011funu \u00f6l\u00e7ebilirsiniz.<\/p>\n\t\t\t<a href=\"https:\/\/www.quickcarbon.com\/tr\/iletisim\/\" target=\"_self\" role=\"button\">\n\t\t\t\t\t\t\tTEKL\u0130F AL\n\t\t\t\t\t<\/a>\n<a href=\"https:\/\/www.quickcarbon.com\/tr\/iletisim\/\" target=\"_self\"><img decoding=\"async\" loading='false' src=\"https:\/\/www.quickcarbon.com\/tr\/wp-content\/uploads\/2023\/12\/Group-1871.png\" alt=\"\" \/><\/a>\t\t\t\n\t\t\t\t<img loading=\"lazy\" decoding=\"async\" src=\"https:\/\/www.quickcarbon.com\/tr\/wp-content\/uploads\/2023\/09\/Group-1586.png\" alt=\"Group 1586\" itemprop=\"image\" height=\"369\" width=\"389\" title=\"Group 1586\" onerror=\"this.style.display='none'\"  \/>\n\t<p>Kurumsal karbon ayak izi, bir i\u015fletmenin faaliyetlerinin \u00e7evreye olan etkisini \u00f6l\u00e7en bir g\u00f6stergedir. Karbon ayak izini hesaplamak, i\u015fletmelerin iklim de\u011fi\u015fikli\u011fiyle m\u00fccadeleye y\u00f6nelik hedefler belirlemelerine ve bu hedeflere ula\u015fmak i\u00e7in \u00f6nlemler almalar\u0131n\u0131 sa\u011flar.<\/p>\n<p>Kurumsal karbon ayak izi dan\u0131\u015fmanl\u0131\u011f\u0131 hizmeti s\u00fcrecinde, i\u015fletmelerin karbon ayak izlerini hesaplamalar\u0131na, azaltmalar\u0131na ve raporlamalar\u0131na yard\u0131mc\u0131 olarak i\u015fletmelerin iklim de\u011fi\u015fikli\u011fiyle m\u00fccadeleye y\u00f6nelik hedeflerine ula\u015fmalar\u0131na ve s\u00fcrd\u00fcr\u00fclebilirlik hedeflerine ula\u015fmalar\u0131na katk\u0131da bulunmaktad\u0131r.<\/p>\n<p>Organizasyonlar\u0131n karbon ayak izlerini ISO 14064-1:2018 ve GHG Protkol do\u011frultusunda hesaplamalar\u0131, azaltmalar\u0131 ve raporlamalar\u0131 kapsam\u0131nda dan\u0131\u015fmanl\u0131k hizmetlerimiz \u015funlar\u0131 i\u00e7ermektedir:<\/p>\n<ul>\n<li>Karbon ayak izi e\u011fitimi<\/li>\n<li>Sistem s\u0131n\u0131rlar\u0131n\u0131n belirlenmesi<\/li>\n<li>Sera gaz\u0131 envanterinin olu\u015fturulmas\u0131<\/li>\n<li>Karbon ayak izinin hesaplanmas\u0131 ve raporlanmas\u0131<\/li>\n<li>Kurumsal karbon ayak izi prosed\u00fcr\u00fc geli\u015ftirilmesi<\/li>\n<\/ul>\n\t\t\t<a href=\"https:\/\/www.quickcarbon.com\/tr\/iletisim\/\" target=\"_self\" role=\"button\">\n\t\t\t\t\t\t\tTEKL\u0130F AL\n\t\t\t\t\t<\/a>\n\t<p>Karbon ofsetleme, bir ki\u015finin veya kurulu\u015fun kendi karbon emisyonlar\u0131n\u0131 azaltmak i\u00e7in ba\u015fka bir yerde karbon emisyonlar\u0131n\u0131 azaltarak veya ortadan kald\u0131rarak yapt\u0131\u011f\u0131 telafi i\u015flemine denir.<\/p>\n<p>Karbon Ofsetleme kapsam\u0131ndaki hizmetimiz a\u015fa\u011f\u0131daki kurumlar\u0131 kapsamaktad\u0131r:<\/p>\n<ul>\n<li>Karbon-n\u00f6tr olmay\u0131 hedefleyen kurumlar<\/li>\n<li>\u015eirketteki etkinliklerinden kaynaklanan sera gaz\u0131 emisyonlar\u0131n\u0131n s\u0131f\u0131rlanmas\u0131n\u0131 talep eden kurumlar<\/li>\n<li>Fiziki \/ Online zirve ve konferanslar\u0131n Karbon N\u00f6tr olarak d\u00fczenlenmesini talep eden kurumlar<\/li>\n<\/ul>\n<p>Bir kurumun ya da bir etkinli\u011fin sera gaz\u0131 emisyonlar\u0131n\u0131n ofsetlenmesi i\u00e7in \u00f6ncelikle karbon ayak izinin hesaplanmas\u0131 gerekmektedir. Bu s\u00fcre\u00e7te QuickCarbon yaz\u0131l\u0131m\u0131 ile firman\u0131n veya etkinli\u011fin karbon ayak izi hesaplan\u0131r. Ortaya \u00e7\u0131kan karbon ayak izi miktar\u0131na e\u015fde\u011fer miktarda karbon kredisi ile karbon ayak izinin ofsetlenmesi sa\u011flan\u0131r ve uluslararas\u0131 alanda ge\u00e7erli Gold Standard \/ VCS \/ i-REC sertifikas\u0131 teslim edilir.<\/p>\n\t\t\t<a href=\"https:\/\/www.quickcarbon.com\/tr\/iletisim\/\" target=\"_self\" role=\"button\">\n\t\t\t\t\t\t\tTEKL\u0130F AL\n\t\t\t\t\t<\/a>\n\t\t\t\t<img loading=\"lazy\" decoding=\"async\" src=\"https:\/\/www.quickcarbon.com\/tr\/wp-content\/uploads\/2023\/09\/Group-1601.png\" alt=\"Group 1601\" itemprop=\"image\" height=\"388\" width=\"448\" title=\"Group 1601\" onerror=\"this.style.display='none'\"  \/>\n\t\t\t\t<img loading=\"lazy\" decoding=\"async\" src=\"https:\/\/www.quickcarbon.com\/tr\/wp-content\/uploads\/2023\/09\/Group-1637.png\" alt=\"Group 1637\" itemprop=\"image\" height=\"387\" width=\"402\" title=\"Group 1637\" onerror=\"this.style.display='none'\"  \/>\n\t<p>Su ayak izi, bir i\u015fletmenin faaliyetlerinin su kaynaklar\u0131 \u00fczerindeki etkisini \u00f6l\u00e7en bir g\u00f6stergedir. Su ayak izi dan\u0131\u015fmanl\u0131\u011f\u0131, i\u015fletmelerin su ayak izlerini hesaplamalar\u0131na, azaltmalar\u0131na ve raporlamalar\u0131na yard\u0131mc\u0131 olur. Bu hizmetler, i\u015fletmelerin su kaynaklar\u0131n\u0131 daha verimli kullanmalar\u0131na ve \u00e7evresel etkilerini azaltmalar\u0131na katk\u0131da bulunabilir.<\/p>\n<p>Su ayak izi dan\u0131\u015fmanl\u0131\u011f\u0131 kapsam\u0131nda firma yetkililerine Su Ayak \u0130zi e\u011fitiminin verilmesinin ard\u0131ndan d\u00fczenlenecek toplant\u0131larla, firmaya ait su ak\u0131\u015f \u015femas\u0131, su envanter listesi ve malzeme envanteri olu\u015fturularak veri toplama s\u00fcreci y\u00f6netilir.<\/p>\n<p>Su ayak izi dan\u0131\u015fmanl\u0131\u011f\u0131nda ISO 14046 Standard\u0131na uygun \u015fekilde gate-to-gate yakla\u015f\u0131m\u0131yla i\u015fletmenin kullanm\u0131\u015f oldu\u011fu su envanteri incelenir ve hizmetin kapsam\u0131 \u015fu \u015fekildedir:<\/p>\n<ul>\n<li>Su ayak izi e\u011fitimi,<\/li>\n<li>Su ayak izi de\u011ferlendirmesi,<\/li>\n<li>Veri toplama,<\/li>\n<li>Su ayak izi hesaplama ve raporlama.<\/li>\n<\/ul>\n\t\t\t<a href=\"https:\/\/www.quickcarbon.com\/tr\/iletisim\/\" target=\"_self\" role=\"button\">\n\t\t\t\t\t\t\tTEKL\u0130F AL\n\t\t\t\t\t<\/a>\n\t<p>S\u0131n\u0131rda Karbon D\u00fczenleme Mekanizmas\u0131 (SKDM), AB&#8217;ye ithal edilen karbon yo\u011fun mallara karbon vergisi uygulanmas\u0131 yoluyla, AB&#8217;nin emisyon azalt\u0131m hedeflerine ula\u015fmas\u0131na yard\u0131mc\u0131 olmay\u0131 ama\u00e7layan bir mekanizmad\u0131r.<\/p>\n<p>S\u0131n\u0131rda Karbon D\u00fczenleme Mekanizmas\u0131 ilk etapta 6 farkl\u0131 sekt\u00f6r i\u00e7in uygulamaya girmi\u015ftir. Bu sekt\u00f6rler: Demir-\u00c7elik, Al\u00fcminyum, \u00c7imento, G\u00fcbre, Elektrik ve Hidrojen&#8217;dir. Ekim 2023 itibariyle ge\u00e7i\u015f s\u00fcreci ba\u015flam\u0131\u015f olup Ocak 2026 itibaren ise tam anlam\u0131yla uygulanmaya ge\u00e7ilecektir.<\/p>\n<p>Bu hizmet kapsam\u0131nda SKDM&#8217;ye uyum sa\u011flamaya yard\u0131mc\u0131 olmak amac\u0131yla, firmalar\u0131n SKDM&#8217;nin tan\u0131m\u0131, kapsam\u0131, uygulama tarihleri ve atmas\u0131 gereken ad\u0131mlar\u0131 hakk\u0131nda firmalara dan\u0131\u015fmanl\u0131k ve destek sa\u011flan\u0131r. Ayr\u0131ca, firmalar\u0131n SKDM&#8217;ye uyum sa\u011flamas\u0131 i\u00e7in gerekli belgelerin haz\u0131rlanmas\u0131, yaz\u0131l\u0131m ve altyap\u0131n\u0131n sa\u011flanmas\u0131 konusunda destek olunur.<\/p>\n<p>Sonu\u00e7 olarak, SCM, AB&#8217;nin iklim de\u011fi\u015fikli\u011fiyle m\u00fccadele \u00e7abalar\u0131n\u0131n \u00f6nemli bir par\u00e7as\u0131d\u0131r. Firmalar, SCM&#8217;ye uyum sa\u011flamaya y\u00f6nelik dan\u0131\u015fmanl\u0131k ve destek hizmetlerinden yararlanarak, bu mekanizmadan kaynaklanan maliyetleri azaltabilir ve rekabet g\u00fcc\u00fcn\u00fc art\u0131rabilirler. Firmalar\u0131n SKDM&#8217;ye uyum s\u00fcrecini daha verimli ve sorunsuz bir \u015fekilde tamamlamas\u0131na yard\u0131mc\u0131 olur.<\/p>\n\t\t\t<a href=\"https:\/\/www.quickcarbon.com\/tr\/iletisim\/\" target=\"_self\" role=\"button\">\n\t\t\t\t\t\t\tTEKL\u0130F AL\n\t\t\t\t\t<\/a>\n\t\t\t\t<img loading=\"lazy\" decoding=\"async\" src=\"https:\/\/www.quickcarbon.com\/tr\/wp-content\/uploads\/2023\/12\/Group-1879.png\" alt=\"Group 1879\" itemprop=\"image\" height=\"370\" width=\"440\" title=\"Group 1879\" onerror=\"this.style.display='none'\"  \/>\n\n","protected":false},"excerpt":{"rendered":"<p>QuickCarbon Hospitality QuickCarbon Hospitality ile s\u00fcrd\u00fcr\u00fclebilir turizme katk\u0131da bulunun! QuickCarbon firmalar\u0131n kurumsal karbon ayak izini y\u00f6netme s\u00fcre\u00e7lerini daha kolay hale getirebilmek i\u00e7in, sekt\u00f6re \u00f6zel \u00e7\u00f6z\u00fcmler \u00fcreterek m\u00fc\u015fterilerimize hizmet vermeye devam ediyor. \u00d6zellikle hotellerin kullanabilece\u011fi bu mod\u00fcl sayesinde, ilgili standartlara ait veri giri\u015f kategorileri sekt\u00f6r\u00fcn ihtiya\u00e7lar\u0131na g\u00f6re \u015fekillendirildi. QuickCarbon Hospitality, turizm sekt\u00f6r\u00fcndeki i\u015fletmelerin kurumsal karbon ayak&hellip;<\/p>\n","protected":false},"author":1,"featured_media":0,"parent":0,"menu_order":0,"comment_status":"closed","ping_status":"closed","template":"","meta":{"footnotes":""},"class_list":["post-62","page","type-page","status-publish","hentry"],"yoast_head":"<!-- This site is optimized with the Yoast SEO plugin v25.6 - https:\/\/yoast.com\/wordpress\/plugins\/seo\/ -->\n<title>Ek Hizmetlerimiz - QuickCarbon<\/title>\n<meta name=\"robots\" content=\"index, follow, max-snippet:-1, max-image-preview:large, max-video-preview:-1\" \/>\n<link rel=\"canonical\" href=\"https:\/\/www.quickcarbon.com\/tr\/ek-hizmetlerimiz\/\" \/>\n<meta property=\"og:locale\" content=\"tr_TR\" \/>\n<meta property=\"og:type\" content=\"article\" \/>\n<meta property=\"og:title\" content=\"Ek Hizmetlerimiz - QuickCarbon\" \/>\n<meta property=\"og:description\" content=\"QuickCarbon Hospitality QuickCarbon Hospitality ile s\u00fcrd\u00fcr\u00fclebilir turizme katk\u0131da bulunun! QuickCarbon firmalar\u0131n kurumsal karbon ayak izini y\u00f6netme s\u00fcre\u00e7lerini daha kolay hale getirebilmek i\u00e7in, sekt\u00f6re \u00f6zel \u00e7\u00f6z\u00fcmler \u00fcreterek m\u00fc\u015fterilerimize hizmet vermeye devam ediyor. \u00d6zellikle hotellerin kullanabilece\u011fi bu mod\u00fcl sayesinde, ilgili standartlara ait veri giri\u015f kategorileri sekt\u00f6r\u00fcn ihtiya\u00e7lar\u0131na g\u00f6re \u015fekillendirildi. QuickCarbon Hospitality, turizm sekt\u00f6r\u00fcndeki i\u015fletmelerin kurumsal karbon ayak&hellip;\" \/>\n<meta property=\"og:url\" content=\"https:\/\/www.quickcarbon.com\/tr\/ek-hizmetlerimiz\/\" \/>\n<meta property=\"og:site_name\" content=\"QuickCarbon\" \/>\n<meta property=\"article:publisher\" content=\"https:\/\/www.facebook.com\/quickcarbon\/\" \/>\n<meta property=\"article:modified_time\" content=\"2025-09-29T06:05:47+00:00\" \/>\n<meta property=\"og:image\" content=\"https:\/\/www.quickcarbon.com\/tr\/wp-content\/uploads\/2023\/09\/Group-1612.png\" \/>\n<meta name=\"twitter:card\" content=\"summary_large_image\" \/>\n<meta name=\"twitter:site\" content=\"@QuickCarbon_Tr\" \/>\n<meta name=\"twitter:label1\" content=\"Est. reading time\" \/>\n\t<meta name=\"twitter:data1\" content=\"7 dakika\" \/>\n<script type=\"application\/ld+json\" class=\"yoast-schema-graph\">{\"@context\":\"https:\/\/schema.org\",\"@graph\":[{\"@type\":\"WebPage\",\"@id\":\"https:\/\/www.quickcarbon.com\/tr\/ek-hizmetlerimiz\/\",\"url\":\"https:\/\/www.quickcarbon.com\/tr\/ek-hizmetlerimiz\/\",\"name\":\"Ek Hizmetlerimiz - QuickCarbon\",\"isPartOf\":{\"@id\":\"https:\/\/www.quickcarbon.com\/tr\/#website\"},\"primaryImageOfPage\":{\"@id\":\"https:\/\/www.quickcarbon.com\/tr\/ek-hizmetlerimiz\/#primaryimage\"},\"image\":{\"@id\":\"https:\/\/www.quickcarbon.com\/tr\/ek-hizmetlerimiz\/#primaryimage\"},\"thumbnailUrl\":\"https:\/\/www.quickcarbon.com\/tr\/wp-content\/uploads\/2023\/09\/Group-1612.png\",\"datePublished\":\"2023-09-11T09:37:38+00:00\",\"dateModified\":\"2025-09-29T06:05:47+00:00\",\"breadcrumb\":{\"@id\":\"https:\/\/www.quickcarbon.com\/tr\/ek-hizmetlerimiz\/#breadcrumb\"},\"inLanguage\":\"tr\",\"potentialAction\":[{\"@type\":\"ReadAction\",\"target\":[\"https:\/\/www.quickcarbon.com\/tr\/ek-hizmetlerimiz\/\"]}]},{\"@type\":\"ImageObject\",\"inLanguage\":\"tr\",\"@id\":\"https:\/\/www.quickcarbon.com\/tr\/ek-hizmetlerimiz\/#primaryimage\",\"url\":\"https:\/\/www.quickcarbon.com\/tr\/wp-content\/uploads\/2023\/09\/Group-1612.png\",\"contentUrl\":\"https:\/\/www.quickcarbon.com\/tr\/wp-content\/uploads\/2023\/09\/Group-1612.png\",\"width\":401,\"height\":326},{\"@type\":\"BreadcrumbList\",\"@id\":\"https:\/\/www.quickcarbon.com\/tr\/ek-hizmetlerimiz\/#breadcrumb\",\"itemListElement\":[{\"@type\":\"ListItem\",\"position\":1,\"name\":\"Ana Sayfa\",\"item\":\"https:\/\/www.quickcarbon.com\/tr\/\"},{\"@type\":\"ListItem\",\"position\":2,\"name\":\"Ek Hizmetlerimiz\"}]},{\"@type\":\"WebSite\",\"@id\":\"https:\/\/www.quickcarbon.com\/tr\/#website\",\"url\":\"https:\/\/www.quickcarbon.com\/tr\/\",\"name\":\"QuickCarbon\",\"description\":\"Take Control of Your Corporate Carbon Footprint\",\"publisher\":{\"@id\":\"https:\/\/www.quickcarbon.com\/tr\/#organization\"},\"alternateName\":\"QC\",\"potentialAction\":[{\"@type\":\"SearchAction\",\"target\":{\"@type\":\"EntryPoint\",\"urlTemplate\":\"https:\/\/www.quickcarbon.com\/tr\/?s={search_term_string}\"},\"query-input\":{\"@type\":\"PropertyValueSpecification\",\"valueRequired\":true,\"valueName\":\"search_term_string\"}}],\"inLanguage\":\"tr\"},{\"@type\":\"Organization\",\"@id\":\"https:\/\/www.quickcarbon.com\/tr\/#organization\",\"name\":\"QuickCarbon\",\"alternateName\":\"QC\",\"url\":\"https:\/\/www.quickcarbon.com\/tr\/\",\"logo\":{\"@type\":\"ImageObject\",\"inLanguage\":\"tr\",\"@id\":\"https:\/\/www.quickcarbon.com\/tr\/#\/schema\/logo\/image\/\",\"url\":\"https:\/\/www.quickcarbon.com\/tr\/wp-content\/uploads\/2023\/09\/cropped-qc_favicon-1.png\",\"contentUrl\":\"https:\/\/www.quickcarbon.com\/tr\/wp-content\/uploads\/2023\/09\/cropped-qc_favicon-1.png\",\"width\":512,\"height\":512,\"caption\":\"QuickCarbon\"},\"image\":{\"@id\":\"https:\/\/www.quickcarbon.com\/tr\/#\/schema\/logo\/image\/\"},\"sameAs\":[\"https:\/\/www.facebook.com\/quickcarbon\/\",\"https:\/\/x.com\/QuickCarbon_Tr\",\"https:\/\/www.instagram.com\/quickcarbon_official\/\",\"https:\/\/www.linkedin.com\/showcase\/quickcarbon-\/\"]}]}<\/script>\n<!-- \/ Yoast SEO plugin. -->","yoast_head_json":{"title":"Ek Hizmetlerimiz - QuickCarbon","robots":{"index":"index","follow":"follow","max-snippet":"max-snippet:-1","max-image-preview":"max-image-preview:large","max-video-preview":"max-video-preview:-1"},"canonical":"https:\/\/www.quickcarbon.com\/tr\/ek-hizmetlerimiz\/","og_locale":"tr_TR","og_type":"article","og_title":"Ek Hizmetlerimiz - QuickCarbon","og_description":"QuickCarbon Hospitality QuickCarbon Hospitality ile s\u00fcrd\u00fcr\u00fclebilir turizme katk\u0131da bulunun! QuickCarbon firmalar\u0131n kurumsal karbon ayak izini y\u00f6netme s\u00fcre\u00e7lerini daha kolay hale getirebilmek i\u00e7in, sekt\u00f6re \u00f6zel \u00e7\u00f6z\u00fcmler \u00fcreterek m\u00fc\u015fterilerimize hizmet vermeye devam ediyor. \u00d6zellikle hotellerin kullanabilece\u011fi bu mod\u00fcl sayesinde, ilgili standartlara ait veri giri\u015f kategorileri sekt\u00f6r\u00fcn ihtiya\u00e7lar\u0131na g\u00f6re \u015fekillendirildi. QuickCarbon Hospitality, turizm sekt\u00f6r\u00fcndeki i\u015fletmelerin kurumsal karbon ayak&hellip;","og_url":"https:\/\/www.quickcarbon.com\/tr\/ek-hizmetlerimiz\/","og_site_name":"QuickCarbon","article_publisher":"https:\/\/www.facebook.com\/quickcarbon\/","article_modified_time":"2025-09-29T06:05:47+00:00","og_image":[{"url":"https:\/\/www.quickcarbon.com\/tr\/wp-content\/uploads\/2023\/09\/Group-1612.png","type":"","width":"","height":""}],"twitter_card":"summary_large_image","twitter_site":"@QuickCarbon_Tr","twitter_misc":{"Est. reading time":"7 dakika"},"schema":{"@context":"https:\/\/schema.org","@graph":[{"@type":"WebPage","@id":"https:\/\/www.quickcarbon.com\/tr\/ek-hizmetlerimiz\/","url":"https:\/\/www.quickcarbon.com\/tr\/ek-hizmetlerimiz\/","name":"Ek Hizmetlerimiz - QuickCarbon","isPartOf":{"@id":"https:\/\/www.quickcarbon.com\/tr\/#website"},"primaryImageOfPage":{"@id":"https:\/\/www.quickcarbon.com\/tr\/ek-hizmetlerimiz\/#primaryimage"},"image":{"@id":"https:\/\/www.quickcarbon.com\/tr\/ek-hizmetlerimiz\/#primaryimage"},"thumbnailUrl":"https:\/\/www.quickcarbon.com\/tr\/wp-content\/uploads\/2023\/09\/Group-1612.png","datePublished":"2023-09-11T09:37:38+00:00","dateModified":"2025-09-29T06:05:47+00:00","breadcrumb":{"@id":"https:\/\/www.quickcarbon.com\/tr\/ek-hizmetlerimiz\/#breadcrumb"},"inLanguage":"tr","potentialAction":[{"@type":"ReadAction","target":["https:\/\/www.quickcarbon.com\/tr\/ek-hizmetlerimiz\/"]}]},{"@type":"ImageObject","inLanguage":"tr","@id":"https:\/\/www.quickcarbon.com\/tr\/ek-hizmetlerimiz\/#primaryimage","url":"https:\/\/www.quickcarbon.com\/tr\/wp-content\/uploads\/2023\/09\/Group-1612.png","contentUrl":"https:\/\/www.quickcarbon.com\/tr\/wp-content\/uploads\/2023\/09\/Group-1612.png","width":401,"height":326},{"@type":"BreadcrumbList","@id":"https:\/\/www.quickcarbon.com\/tr\/ek-hizmetlerimiz\/#breadcrumb","itemListElement":[{"@type":"ListItem","position":1,"name":"Ana Sayfa","item":"https:\/\/www.quickcarbon.com\/tr\/"},{"@type":"ListItem","position":2,"name":"Ek Hizmetlerimiz"}]},{"@type":"WebSite","@id":"https:\/\/www.quickcarbon.com\/tr\/#website","url":"https:\/\/www.quickcarbon.com\/tr\/","name":"QuickCarbon","description":"Take Control of Your Corporate Carbon Footprint","publisher":{"@id":"https:\/\/www.quickcarbon.com\/tr\/#organization"},"alternateName":"QC","potentialAction":[{"@type":"SearchAction","target":{"@type":"EntryPoint","urlTemplate":"https:\/\/www.quickcarbon.com\/tr\/?s={search_term_string}"},"query-input":{"@type":"PropertyValueSpecification","valueRequired":true,"valueName":"search_term_string"}}],"inLanguage":"tr"},{"@type":"Organization","@id":"https:\/\/www.quickcarbon.com\/tr\/#organization","name":"QuickCarbon","alternateName":"QC","url":"https:\/\/www.quickcarbon.com\/tr\/","logo":{"@type":"ImageObject","inLanguage":"tr","@id":"https:\/\/www.quickcarbon.com\/tr\/#\/schema\/logo\/image\/","url":"https:\/\/www.quickcarbon.com\/tr\/wp-content\/uploads\/2023\/09\/cropped-qc_favicon-1.png","contentUrl":"https:\/\/www.quickcarbon.com\/tr\/wp-content\/uploads\/2023\/09\/cropped-qc_favicon-1.png","width":512,"height":512,"caption":"QuickCarbon"},"image":{"@id":"https:\/\/www.quickcarbon.com\/tr\/#\/schema\/logo\/image\/"},"sameAs":["https:\/\/www.facebook.com\/quickcarbon\/","https:\/\/x.com\/QuickCarbon_Tr","https:\/\/www.instagram.com\/quickcarbon_official\/","https:\/\/www.linkedin.com\/showcase\/quickcarbon-\/"]}]}},"_links":{"self":[{"href":"https:\/\/www.quickcarbon.com\/tr\/wp-json\/wp\/v2\/pages\/62","targetHints":{"allow":["GET"]}}],"collection":[{"href":"https:\/\/www.quickcarbon.com\/tr\/wp-json\/wp\/v2\/pages"}],"about":[{"href":"https:\/\/www.quickcarbon.com\/tr\/wp-json\/wp\/v2\/types\/page"}],"author":[{"embeddable":true,"href":"https:\/\/www.quickcarbon.com\/tr\/wp-json\/wp\/v2\/users\/1"}],"replies":[{"embeddable":true,"href":"https:\/\/www.quickcarbon.com\/tr\/wp-json\/wp\/v2\/comments?post=62"}],"version-history":[{"count":25,"href":"https:\/\/www.quickcarbon.com\/tr\/wp-json\/wp\/v2\/pages\/62\/revisions"}],"predecessor-version":[{"id":1953,"href":"https:\/\/www.quickcarbon.com\/tr\/wp-json\/wp\/v2\/pages\/62\/revisions\/1953"}],"wp:attachment":[{"href":"https:\/\/www.quickcarbon.com\/tr\/wp-json\/wp\/v2\/media?parent=62"}],"curies":[{"name":"wp","href":"https:\/\/api.w.org\/{rel}","templated":true}]}}