{"id":66,"date":"2023-09-11T12:38:02","date_gmt":"2023-09-11T09:38:02","guid":{"rendered":"https:\/\/www.quickcarbon.com\/tr\/?page_id=66"},"modified":"2025-07-10T13:58:25","modified_gmt":"2025-07-10T10:58:25","slug":"hakkimizda","status":"publish","type":"page","link":"https:\/\/www.quickcarbon.com\/tr\/hakkimizda\/","title":{"rendered":"Hakk\u0131m\u0131zda"},"content":{"rendered":"\n<h2>\n\t\tKurumsal Karbon Ayak \u0130zi Hesaplama ve Raporlama Yaz\u0131l\u0131m\u0131 QuickCarbon\n\t<\/h2>\n\t<p>QuickCarbon, kurumlar\u0131n Kurumsal Karbon Ayak \u0130zlerini, herhangi bir dan\u0131\u015fmanl\u0131k hizmetine gerek duymaks\u0131z\u0131n, ISO 14064-1:2018 Standard\u0131 ve GHG Protocol&#8217;e g\u00f6re hesaplama ve raporlamalar\u0131n\u0131 sa\u011flayan bir \u00e7\u00f6z\u00fcmd\u00fcr.<\/p>\n<p>Yaz\u0131l\u0131m\u0131n kiraland\u0131\u011f\u0131 bir y\u0131l boyunca firmalar mevcut veya ge\u00e7mi\u015f y\u0131llara ait verilerini girebilir, sonras\u0131nda ise raporlar\u0131n\u0131n \u00e7\u0131kt\u0131s\u0131n\u0131 farkl\u0131 dil se\u00e7enekleriyle tek tu\u015fla indirebilirler.<\/p>\n<p>Yaz\u0131l\u0131mdan al\u0131nan Kurumsal Karbon Ayak \u0130zi raporlar\u0131 ilgili standartlara uygun olup, ulusal ve uluslararas\u0131 alanlarda kullan\u0131labilir. <\/p>\n<p>Emisyon fakt\u00f6rlerine ait standartlar ve referanslardaki g\u00fcncellemeler, teknik ekibimiz taraf\u0131ndan yaz\u0131l\u0131ma h\u0131zl\u0131 \u015fekilde entegre edilmekte, kullan\u0131c\u0131lar\u0131n bu s\u00fcreci takip etmesine gerek kalmamaktad\u0131r. <\/p>\n<p>Yaz\u0131l\u0131mda yer alan \u00e7ok fonksiyonlu grafikler yard\u0131m\u0131yla karbon emisyonlar\u0131n\u0131z\u0131 azaltma s\u00fcrecinde stratejiler geli\u015ftirebilir ya da senaryolar olu\u015fturarak karbon ayak izinizi azaltma konusunda geli\u015ftirmeyi d\u00fc\u015f\u00fcnd\u00fc\u011f\u00fcn\u00fcz stratejilerin etkilerini \u00f6ncesinde de\u011ferlendirebilirsiniz. <\/p>\n<p>Kullan\u0131c\u0131lara verilen &#8220;QuickCarbon Yaz\u0131l\u0131m\u0131&#8221; ve &#8220;Kurumsal Karbon Ayak \u0130zi&#8221; e\u011fitimlerinin yan\u0131 s\u0131ra, yaz\u0131l\u0131m\u0131n kullan\u0131m s\u00fcresi boyunca teknik ekibimiz sizlerle ileti\u015fim halinde olmaya ve destek vermeye devam edecektir.<\/p>\n\t\t\t\t<img loading=\"lazy\" decoding=\"async\" src=\"https:\/\/www.quickcarbon.com\/tr\/wp-content\/uploads\/2023\/09\/Group-1547.png\" alt=\"Group 1547\" itemprop=\"image\" height=\"840\" width=\"1138\" title=\"Group 1547\" onerror=\"this.style.display='none'\"  \/>\n\t\t\t\t<a href=\"https:\/\/www.youtube.com\/watch?v=bTSwZzTMxos\" target=\"_blank\" rel=\"noopener\" itemprop=\"url\">\n\t\t\t\t<img loading=\"lazy\" decoding=\"async\" src=\"https:\/\/www.quickcarbon.com\/tr\/wp-content\/uploads\/2023\/09\/Group-1868.png\" alt=\"Group 1868\" itemprop=\"image\" height=\"432\" width=\"545\" title=\"Group 1868\" onerror=\"this.style.display='none'\"  \/>\n\t\t\t\t<\/a>\n<h2>\n\t\tQuickCarbon ile Tan\u0131\u015f!\n\t<\/h2>\n\t<p>QuickCarbon, 2016 y\u0131l\u0131ndan bu yana kurumsal karbon ayak izi hesaplama ve raporlama konusunda \u015firketlere dijital pratik \u00e7\u00f6z\u00fcmler sunuyor.<\/p>\n\n","protected":false},"excerpt":{"rendered":"<p>Kurumsal Karbon Ayak \u0130zi Hesaplama ve Raporlama Yaz\u0131l\u0131m\u0131 QuickCarbon QuickCarbon, kurumlar\u0131n Kurumsal Karbon Ayak \u0130zlerini, herhangi bir dan\u0131\u015fmanl\u0131k hizmetine gerek duymaks\u0131z\u0131n, ISO 14064-1:2018 Standard\u0131 ve GHG Protocol&#8217;e g\u00f6re hesaplama ve raporlamalar\u0131n\u0131 sa\u011flayan bir \u00e7\u00f6z\u00fcmd\u00fcr. Yaz\u0131l\u0131m\u0131n kiraland\u0131\u011f\u0131 bir y\u0131l boyunca firmalar mevcut veya ge\u00e7mi\u015f y\u0131llara ait verilerini girebilir, sonras\u0131nda ise raporlar\u0131n\u0131n \u00e7\u0131kt\u0131s\u0131n\u0131 farkl\u0131 dil se\u00e7enekleriyle tek&hellip;<\/p>\n","protected":false},"author":1,"featured_media":0,"parent":0,"menu_order":0,"comment_status":"closed","ping_status":"closed","template":"","meta":{"footnotes":""},"class_list":["post-66","page","type-page","status-publish","hentry"],"yoast_head":"<!-- This site is optimized with the Yoast SEO plugin v25.6 - https:\/\/yoast.com\/wordpress\/plugins\/seo\/ -->\n<title>Hakk\u0131m\u0131zda - QuickCarbon<\/title>\n<meta name=\"description\" content=\"QuickCarbon: Karbon y\u00f6netimi ve s\u00fcrd\u00fcr\u00fclebilirlik alan\u0131nda uzman ekibimizle i\u015fletmenizin \u00e7evresel etkisini azalt\u0131yoruz. Karbon dan\u0131\u015fmanl\u0131\u011f\u0131nda g\u00fcvenilir \u00e7\u00f6z\u00fcm orta\u011f\u0131n\u0131z. Bizi tan\u0131y\u0131n!\" \/>\n<meta name=\"robots\" content=\"index, follow, max-snippet:-1, max-image-preview:large, max-video-preview:-1\" \/>\n<link rel=\"canonical\" href=\"https:\/\/www.quickcarbon.com\/tr\/hakkimizda\/\" \/>\n<meta property=\"og:locale\" content=\"tr_TR\" \/>\n<meta property=\"og:type\" content=\"article\" \/>\n<meta property=\"og:title\" content=\"Hakk\u0131m\u0131zda - QuickCarbon\" \/>\n<meta property=\"og:description\" content=\"QuickCarbon: Karbon y\u00f6netimi ve s\u00fcrd\u00fcr\u00fclebilirlik alan\u0131nda uzman ekibimizle i\u015fletmenizin \u00e7evresel etkisini azalt\u0131yoruz. Karbon dan\u0131\u015fmanl\u0131\u011f\u0131nda g\u00fcvenilir \u00e7\u00f6z\u00fcm orta\u011f\u0131n\u0131z. Bizi tan\u0131y\u0131n!\" \/>\n<meta property=\"og:url\" content=\"https:\/\/www.quickcarbon.com\/tr\/hakkimizda\/\" \/>\n<meta property=\"og:site_name\" content=\"QuickCarbon\" \/>\n<meta property=\"article:publisher\" content=\"https:\/\/www.facebook.com\/quickcarbon\/\" \/>\n<meta property=\"article:modified_time\" content=\"2025-07-10T10:58:25+00:00\" \/>\n<meta property=\"og:image\" content=\"https:\/\/www.quickcarbon.com\/tr\/wp-content\/uploads\/2023\/09\/Group-1547.png\" \/>\n<meta name=\"twitter:card\" content=\"summary_large_image\" \/>\n<meta name=\"twitter:site\" content=\"@QuickCarbon_Tr\" \/>\n<meta name=\"twitter:label1\" content=\"Est. reading time\" \/>\n\t<meta name=\"twitter:data1\" content=\"2 dakika\" \/>\n<script type=\"application\/ld+json\" class=\"yoast-schema-graph\">{\"@context\":\"https:\/\/schema.org\",\"@graph\":[{\"@type\":[\"WebPage\",\"AboutPage\"],\"@id\":\"https:\/\/www.quickcarbon.com\/tr\/hakkimizda\/\",\"url\":\"https:\/\/www.quickcarbon.com\/tr\/hakkimizda\/\",\"name\":\"Hakk\u0131m\u0131zda - QuickCarbon\",\"isPartOf\":{\"@id\":\"https:\/\/www.quickcarbon.com\/tr\/#website\"},\"primaryImageOfPage\":{\"@id\":\"https:\/\/www.quickcarbon.com\/tr\/hakkimizda\/#primaryimage\"},\"image\":{\"@id\":\"https:\/\/www.quickcarbon.com\/tr\/hakkimizda\/#primaryimage\"},\"thumbnailUrl\":\"https:\/\/www.quickcarbon.com\/tr\/wp-content\/uploads\/2023\/09\/Group-1547.png\",\"datePublished\":\"2023-09-11T09:38:02+00:00\",\"dateModified\":\"2025-07-10T10:58:25+00:00\",\"description\":\"QuickCarbon: Karbon y\u00f6netimi ve s\u00fcrd\u00fcr\u00fclebilirlik alan\u0131nda uzman ekibimizle i\u015fletmenizin \u00e7evresel etkisini azalt\u0131yoruz. Karbon dan\u0131\u015fmanl\u0131\u011f\u0131nda g\u00fcvenilir \u00e7\u00f6z\u00fcm orta\u011f\u0131n\u0131z. Bizi tan\u0131y\u0131n!\",\"breadcrumb\":{\"@id\":\"https:\/\/www.quickcarbon.com\/tr\/hakkimizda\/#breadcrumb\"},\"inLanguage\":\"tr\",\"potentialAction\":[{\"@type\":\"ReadAction\",\"target\":[\"https:\/\/www.quickcarbon.com\/tr\/hakkimizda\/\"]}]},{\"@type\":\"ImageObject\",\"inLanguage\":\"tr\",\"@id\":\"https:\/\/www.quickcarbon.com\/tr\/hakkimizda\/#primaryimage\",\"url\":\"https:\/\/www.quickcarbon.com\/tr\/wp-content\/uploads\/2023\/09\/Group-1547.png\",\"contentUrl\":\"https:\/\/www.quickcarbon.com\/tr\/wp-content\/uploads\/2023\/09\/Group-1547.png\",\"width\":1138,\"height\":840},{\"@type\":\"BreadcrumbList\",\"@id\":\"https:\/\/www.quickcarbon.com\/tr\/hakkimizda\/#breadcrumb\",\"itemListElement\":[{\"@type\":\"ListItem\",\"position\":1,\"name\":\"Ana Sayfa\",\"item\":\"https:\/\/www.quickcarbon.com\/tr\/\"},{\"@type\":\"ListItem\",\"position\":2,\"name\":\"Hakk\u0131m\u0131zda\"}]},{\"@type\":\"WebSite\",\"@id\":\"https:\/\/www.quickcarbon.com\/tr\/#website\",\"url\":\"https:\/\/www.quickcarbon.com\/tr\/\",\"name\":\"QuickCarbon\",\"description\":\"Take Control of Your Corporate Carbon Footprint\",\"publisher\":{\"@id\":\"https:\/\/www.quickcarbon.com\/tr\/#organization\"},\"alternateName\":\"QC\",\"potentialAction\":[{\"@type\":\"SearchAction\",\"target\":{\"@type\":\"EntryPoint\",\"urlTemplate\":\"https:\/\/www.quickcarbon.com\/tr\/?s={search_term_string}\"},\"query-input\":{\"@type\":\"PropertyValueSpecification\",\"valueRequired\":true,\"valueName\":\"search_term_string\"}}],\"inLanguage\":\"tr\"},{\"@type\":\"Organization\",\"@id\":\"https:\/\/www.quickcarbon.com\/tr\/#organization\",\"name\":\"QuickCarbon\",\"alternateName\":\"QC\",\"url\":\"https:\/\/www.quickcarbon.com\/tr\/\",\"logo\":{\"@type\":\"ImageObject\",\"inLanguage\":\"tr\",\"@id\":\"https:\/\/www.quickcarbon.com\/tr\/#\/schema\/logo\/image\/\",\"url\":\"https:\/\/www.quickcarbon.com\/tr\/wp-content\/uploads\/2023\/09\/cropped-qc_favicon-1.png\",\"contentUrl\":\"https:\/\/www.quickcarbon.com\/tr\/wp-content\/uploads\/2023\/09\/cropped-qc_favicon-1.png\",\"width\":512,\"height\":512,\"caption\":\"QuickCarbon\"},\"image\":{\"@id\":\"https:\/\/www.quickcarbon.com\/tr\/#\/schema\/logo\/image\/\"},\"sameAs\":[\"https:\/\/www.facebook.com\/quickcarbon\/\",\"https:\/\/x.com\/QuickCarbon_Tr\",\"https:\/\/www.instagram.com\/quickcarbon_official\/\",\"https:\/\/www.linkedin.com\/showcase\/quickcarbon-\/\"]}]}<\/script>\n<!-- \/ Yoast SEO plugin. -->","yoast_head_json":{"title":"Hakk\u0131m\u0131zda - QuickCarbon","description":"QuickCarbon: Karbon y\u00f6netimi ve s\u00fcrd\u00fcr\u00fclebilirlik alan\u0131nda uzman ekibimizle i\u015fletmenizin \u00e7evresel etkisini azalt\u0131yoruz. Karbon dan\u0131\u015fmanl\u0131\u011f\u0131nda g\u00fcvenilir \u00e7\u00f6z\u00fcm orta\u011f\u0131n\u0131z. Bizi tan\u0131y\u0131n!","robots":{"index":"index","follow":"follow","max-snippet":"max-snippet:-1","max-image-preview":"max-image-preview:large","max-video-preview":"max-video-preview:-1"},"canonical":"https:\/\/www.quickcarbon.com\/tr\/hakkimizda\/","og_locale":"tr_TR","og_type":"article","og_title":"Hakk\u0131m\u0131zda - QuickCarbon","og_description":"QuickCarbon: Karbon y\u00f6netimi ve s\u00fcrd\u00fcr\u00fclebilirlik alan\u0131nda uzman ekibimizle i\u015fletmenizin \u00e7evresel etkisini azalt\u0131yoruz. Karbon dan\u0131\u015fmanl\u0131\u011f\u0131nda g\u00fcvenilir \u00e7\u00f6z\u00fcm orta\u011f\u0131n\u0131z. Bizi tan\u0131y\u0131n!","og_url":"https:\/\/www.quickcarbon.com\/tr\/hakkimizda\/","og_site_name":"QuickCarbon","article_publisher":"https:\/\/www.facebook.com\/quickcarbon\/","article_modified_time":"2025-07-10T10:58:25+00:00","og_image":[{"url":"https:\/\/www.quickcarbon.com\/tr\/wp-content\/uploads\/2023\/09\/Group-1547.png","type":"","width":"","height":""}],"twitter_card":"summary_large_image","twitter_site":"@QuickCarbon_Tr","twitter_misc":{"Est. reading time":"2 dakika"},"schema":{"@context":"https:\/\/schema.org","@graph":[{"@type":["WebPage","AboutPage"],"@id":"https:\/\/www.quickcarbon.com\/tr\/hakkimizda\/","url":"https:\/\/www.quickcarbon.com\/tr\/hakkimizda\/","name":"Hakk\u0131m\u0131zda - QuickCarbon","isPartOf":{"@id":"https:\/\/www.quickcarbon.com\/tr\/#website"},"primaryImageOfPage":{"@id":"https:\/\/www.quickcarbon.com\/tr\/hakkimizda\/#primaryimage"},"image":{"@id":"https:\/\/www.quickcarbon.com\/tr\/hakkimizda\/#primaryimage"},"thumbnailUrl":"https:\/\/www.quickcarbon.com\/tr\/wp-content\/uploads\/2023\/09\/Group-1547.png","datePublished":"2023-09-11T09:38:02+00:00","dateModified":"2025-07-10T10:58:25+00:00","description":"QuickCarbon: Karbon y\u00f6netimi ve s\u00fcrd\u00fcr\u00fclebilirlik alan\u0131nda uzman ekibimizle i\u015fletmenizin \u00e7evresel etkisini azalt\u0131yoruz. Karbon dan\u0131\u015fmanl\u0131\u011f\u0131nda g\u00fcvenilir \u00e7\u00f6z\u00fcm orta\u011f\u0131n\u0131z. Bizi tan\u0131y\u0131n!","breadcrumb":{"@id":"https:\/\/www.quickcarbon.com\/tr\/hakkimizda\/#breadcrumb"},"inLanguage":"tr","potentialAction":[{"@type":"ReadAction","target":["https:\/\/www.quickcarbon.com\/tr\/hakkimizda\/"]}]},{"@type":"ImageObject","inLanguage":"tr","@id":"https:\/\/www.quickcarbon.com\/tr\/hakkimizda\/#primaryimage","url":"https:\/\/www.quickcarbon.com\/tr\/wp-content\/uploads\/2023\/09\/Group-1547.png","contentUrl":"https:\/\/www.quickcarbon.com\/tr\/wp-content\/uploads\/2023\/09\/Group-1547.png","width":1138,"height":840},{"@type":"BreadcrumbList","@id":"https:\/\/www.quickcarbon.com\/tr\/hakkimizda\/#breadcrumb","itemListElement":[{"@type":"ListItem","position":1,"name":"Ana Sayfa","item":"https:\/\/www.quickcarbon.com\/tr\/"},{"@type":"ListItem","position":2,"name":"Hakk\u0131m\u0131zda"}]},{"@type":"WebSite","@id":"https:\/\/www.quickcarbon.com\/tr\/#website","url":"https:\/\/www.quickcarbon.com\/tr\/","name":"QuickCarbon","description":"Take Control of Your Corporate Carbon Footprint","publisher":{"@id":"https:\/\/www.quickcarbon.com\/tr\/#organization"},"alternateName":"QC","potentialAction":[{"@type":"SearchAction","target":{"@type":"EntryPoint","urlTemplate":"https:\/\/www.quickcarbon.com\/tr\/?s={search_term_string}"},"query-input":{"@type":"PropertyValueSpecification","valueRequired":true,"valueName":"search_term_string"}}],"inLanguage":"tr"},{"@type":"Organization","@id":"https:\/\/www.quickcarbon.com\/tr\/#organization","name":"QuickCarbon","alternateName":"QC","url":"https:\/\/www.quickcarbon.com\/tr\/","logo":{"@type":"ImageObject","inLanguage":"tr","@id":"https:\/\/www.quickcarbon.com\/tr\/#\/schema\/logo\/image\/","url":"https:\/\/www.quickcarbon.com\/tr\/wp-content\/uploads\/2023\/09\/cropped-qc_favicon-1.png","contentUrl":"https:\/\/www.quickcarbon.com\/tr\/wp-content\/uploads\/2023\/09\/cropped-qc_favicon-1.png","width":512,"height":512,"caption":"QuickCarbon"},"image":{"@id":"https:\/\/www.quickcarbon.com\/tr\/#\/schema\/logo\/image\/"},"sameAs":["https:\/\/www.facebook.com\/quickcarbon\/","https:\/\/x.com\/QuickCarbon_Tr","https:\/\/www.instagram.com\/quickcarbon_official\/","https:\/\/www.linkedin.com\/showcase\/quickcarbon-\/"]}]}},"_links":{"self":[{"href":"https:\/\/www.quickcarbon.com\/tr\/wp-json\/wp\/v2\/pages\/66","targetHints":{"allow":["GET"]}}],"collection":[{"href":"https:\/\/www.quickcarbon.com\/tr\/wp-json\/wp\/v2\/pages"}],"about":[{"href":"https:\/\/www.quickcarbon.com\/tr\/wp-json\/wp\/v2\/types\/page"}],"author":[{"embeddable":true,"href":"https:\/\/www.quickcarbon.com\/tr\/wp-json\/wp\/v2\/users\/1"}],"replies":[{"embeddable":true,"href":"https:\/\/www.quickcarbon.com\/tr\/wp-json\/wp\/v2\/comments?post=66"}],"version-history":[{"count":17,"href":"https:\/\/www.quickcarbon.com\/tr\/wp-json\/wp\/v2\/pages\/66\/revisions"}],"predecessor-version":[{"id":951,"href":"https:\/\/www.quickcarbon.com\/tr\/wp-json\/wp\/v2\/pages\/66\/revisions\/951"}],"wp:attachment":[{"href":"https:\/\/www.quickcarbon.com\/tr\/wp-json\/wp\/v2\/media?parent=66"}],"curies":[{"name":"wp","href":"https:\/\/api.w.org\/{rel}","templated":true}]}}