{"id":68,"date":"2023-09-11T12:38:39","date_gmt":"2023-09-11T09:38:39","guid":{"rendered":"https:\/\/www.quickcarbon.com\/tr\/?page_id=68"},"modified":"2025-07-10T13:58:07","modified_gmt":"2025-07-10T10:58:07","slug":"iletisim","status":"publish","type":"page","link":"https:\/\/www.quickcarbon.com\/tr\/iletisim\/","title":{"rendered":"\u0130leti\u015fim"},"content":{"rendered":"\n<h2>\n\t\tBizimle Temasa Ge\u00e7ebilirsiniz.\n\t<\/h2>\n\t<p>QuickCarbon hakk\u0131nda detayl\u0131 bilgi almak, demo talebinde bulunmak ve destek almak i\u00e7in bize yazabilirsiniz.<\/p>\n\t<p><strong>Enerjisa Enerji \u00dcretim A.\u015e.<\/strong><\/p>\n<p>Barbaros Mah, My Office \u0130\u015f Merkezi, \u00c7i\u011fdem Sok. No:1\/16 34746 Ata\u015fehir \/ \u0130STANBUL \/ T\u00dcRK\u0130YE<\/p>\n<p><strong>T.<\/strong> 0 (216) 512 40 00<\/p>\n<p><strong>support@quickcarbon.com<\/strong><\/p>\n\t<iframe src=\"https:\/\/www.google.com\/maps\/embed\/v1\/place?q=Enerjisa+%C3%9Cretim+Santralleri+A.%C5%9E.&#038;key=AIzaSyD09zQ9PNDNNy9TadMuzRV_UsPUoWKntt8\" aria-hidden=\"true\"><\/iframe>\n<h2>\n\t\tS\u0131k\u00e7a Sorulan Sorular\n\t<\/h2>\n\t\t\t\t\t<a href=\"#\" id=\"fl-accordion--label-0\" tabindex=\"0\" aria-controls=\"fl-accordion--panel-0\">QuickCarbon Nedir?<\/a>\n\t\t\t\t\t\t\t\t\t\t\t<a href=\"#\" id=\"fl-accordion--icon-0\" tabindex=\"0\" aria-controls=\"fl-accordion--panel-0\"><i>Expand<\/i><\/a>\n\t\t\t\t\t<p>QuickCarbon web tabanl\u0131 karbon ayak izinizi hesaplayabilece\u011finiz ve karbon y\u00f6netiminizi sa\u011flayan, kapsaml\u0131 ve uygun fiyatl\u0131 karbon muhasebe ve y\u00f6netim \u00e7\u00f6z\u00fcmleri sunan bir yaz\u0131l\u0131m\u0131d\u0131r. Karbon ayak izlerini \u00f6l\u00e7mek, izlemek, raporlamak ve y\u00f6netmek i\u00e7in her seviyedeki organizasyona yard\u0131mc\u0131 olur.<\/p>\n\t\t\t\t\t<a href=\"#\" id=\"fl-accordion--label-1\" tabindex=\"0\" aria-controls=\"fl-accordion--panel-1\">Karbon ayak izi nedir?<\/a>\n\t\t\t\t\t\t\t\t\t\t\t<a href=\"#\" id=\"fl-accordion--icon-1\" tabindex=\"0\" aria-controls=\"fl-accordion--panel-1\"><i>Expand<\/i><\/a>\n\t\t\t\t\t<p>Karbon ayak izi, faaliyetlerimizin \u00e7evreye ve \u00f6zellikle iklim de\u011fi\u015fikli\u011fine olan etkisinin bir \u00f6l\u00e7\u00fcs\u00fcd\u00fcr. Karbon ayak izi, elektrik, \u0131s\u0131tma ve nakliye i\u00e7in fosil yak\u0131tlar\u0131n yak\u0131lmas\u0131 yoluyla g\u00fcnl\u00fck hayat\u0131m\u0131zda \u00fcretilen sera gaz\u0131 miktar\u0131 ile ilgilidir. Karbon ayak izi, bireysel olarak \u00fcretti\u011fimiz t\u00fcm sera gazlar\u0131n\u0131n bir \u00f6l\u00e7\u00fcm\u00fcd\u00fcr ve ton (veya kg) karbon dioksit e\u015fde\u011feri (CO2e) olarak ifade edilir.<\/p>\n\t\t\t\t\t<a href=\"#\" id=\"fl-accordion--label-2\" tabindex=\"0\" aria-controls=\"fl-accordion--panel-2\">Sera gaz\u0131 emisyonlar\u0131 olarak say\u0131lan gazlar nelerdir?<\/a>\n\t\t\t\t\t\t\t\t\t\t\t<a href=\"#\" id=\"fl-accordion--icon-2\" tabindex=\"0\" aria-controls=\"fl-accordion--panel-2\"><i>Expand<\/i><\/a>\n\t\t\t\t\t<p>Alt\u0131 temel sera gaz\u0131 bulunmaktad\u0131r:<\/p>\n<ul>\n<li>karbon dioksit (CO2), \u00f6zellikle fosil yak\u0131t kullan\u0131m\u0131ndan<\/li>\n<li>metan (CH4), \u00e7o\u011funlukla hayvanlardan ve at\u0131k maddelerden<\/li>\n<li>azot oksit (N2O), a\u011f\u0131rl\u0131kl\u0131 olarak tar\u0131mdan<\/li>\n<li>hidroflorokarbonlar (HFC&#8217;ler), a\u011f\u0131rl\u0131kl\u0131 olarak so\u011futucu ak\u0131\u015fkanlardan<\/li>\n<li>s\u00fclf\u00fcr hekzafl\u00fcor\u00fcr (SF6), a\u011f\u0131rl\u0131kl\u0131 olarak elektrik end\u00fcstrisinden<\/li>\n<li>perfl\u00fcorokarbonlar (PFCs), \u00f6zellikle al\u00fcminyum \u00fcretimi<\/li>\n<\/ul>\n<p>Genellikle, t\u00fcm sera gazlar\u0131, karbon dioksit e\u015fde\u011ferleri (CO2e) olarak ifade edilir ve tipik olarak kilogram veya ton cinsinden (kgCO2e veya tCO2e) \u00f6l\u00e7\u00fcl\u00fcr.<\/p>\n\t\t\t\t\t<a href=\"#\" id=\"fl-accordion--label-3\" tabindex=\"0\" aria-controls=\"fl-accordion--panel-3\">Neden i\u015f yerinizin\/firman\u0131z\u0131n karbon ayak izini hesaplamak\/azaltmakla ilgilenmelisiniz?<\/a>\n\t\t\t\t\t\t\t\t\t\t\t<a href=\"#\" id=\"fl-accordion--icon-3\" tabindex=\"0\" aria-controls=\"fl-accordion--panel-3\"><i>Expand<\/i><\/a>\n\t\t\t\t\t<p>\u0130leriye d\u00f6n\u00fck olarak, i\u015fletmeler iklim de\u011fi\u015fikli\u011fine olan katk\u0131lar\u0131n\u0131 azaltmak i\u00e7in \u00f6nemli \u00f6l\u00e7\u00fcde artan bir bask\u0131 ile kar\u015f\u0131la\u015facaklar. \u0130\u015fletmeleri etkileyebilecek \u00f6ng\u00f6r\u00fclen konular ve risklerin birka\u00e7\u0131 daha kat\u0131 d\u00fczenlemeler, h\u00fck\u00fcmet taahh\u00fctleri, artan operasyonel maliyetler ve t\u00fcketici de\u011ferlerindeki de\u011fi\u015fmeler olarak s\u0131ralanabilir. Bir\u00e7ok i\u015fletme, muhtemelen karbon ayak izi ile ilgili daha fazla denetime tabi olacak ve piyasada rekabet\u00e7i kalabilmek i\u00e7in karbon muhasebe ve y\u00f6netim politikalar\u0131 ve stratejileri geli\u015ftirmesi gerekecek.<\/p>\n\t\t\t\t\t<a href=\"#\" id=\"fl-accordion--label-4\" tabindex=\"0\" aria-controls=\"fl-accordion--panel-4\">OuickCarbon&#8217;un sa\u011flayabilece\u011fi faydalar nelerdir?<\/a>\n\t\t\t\t\t\t\t\t\t\t\t<a href=\"#\" id=\"fl-accordion--icon-4\" tabindex=\"0\" aria-controls=\"fl-accordion--panel-4\"><i>Expand<\/i><\/a>\n\t\t\t\t\t<p>QuickCarbon kullan\u0131c\u0131lar\u0131, kurulu\u015flar\u0131n\u0131n sera gaz\u0131 envanterini g\u00fcvenli bir web ortam\u0131nda \u00f6l\u00e7mek, izlemek, raporlamak ve y\u00f6netmek i\u00e7in kullan\u0131m\u0131 kolay, kapsaml\u0131 bir ara\u00e7 setine sahip olmu\u015f olur. Sera gaz\u0131 hesaplama standartlar\u0131 hakk\u0131nda \u00e7ok temel bilgilere sahip kullan\u0131c\u0131lar, hesaplama metodolojilerini, ilgili emisyon fakt\u00f6rlerini veya faaliyet katsay\u0131lar\u0131n\u0131 ara\u015ft\u0131rmadan ve\/veya bir sera gaz\u0131 dan\u0131\u015fman\u0131 kullanmadan kendi kurumsal emisyonlar\u0131n\u0131 kolayca hesaplayabilir. QuickCarbon&#8217;u kullanmak, her sene sera gaz\u0131 emisyon verilerini raporlayan bir organizasyon i\u00e7in muazzam miktarda zaman ve parasal tasarruf sa\u011flar. QuickCarbon&#8217;un sa\u011flad\u0131\u011f\u0131 faydalar\u0131n tam bir listesi i\u00e7in buraya t\u0131klay\u0131n.<\/p>\n\t\t\t\t\t<a href=\"#\" id=\"fl-accordion--label-5\" tabindex=\"0\" aria-controls=\"fl-accordion--panel-5\">QuickCarbon, uluslararas\u0131 Sera Gaz\u0131 muhasebe standartlar\u0131na dayan\u0131yor mu?<\/a>\n\t\t\t\t\t\t\t\t\t\t\t<a href=\"#\" id=\"fl-accordion--icon-5\" tabindex=\"0\" aria-controls=\"fl-accordion--panel-5\"><i>Expand<\/i><\/a>\n\t\t\t\t\t<p>Evet. QuickCarbon, D\u00fcnya Kaynaklar\u0131 Enstit\u00fcs\u00fc (World Resources Institute) ve S\u00fcrd\u00fcr\u00fclebilir Kalk\u0131nma i\u00e7in D\u00fcnya \u0130\u015f Konseyi (the World Business Council for Sustainable Development) taraf\u0131ndan yay\u0131nlanan Sera Gaz\u0131 Protokol\u00fc&#8217;n\u00fcn (The Greenhouse Gas Protocol) muhasebe kurallar\u0131n\u0131 kullanmaktad\u0131r. Bu Protokol, h\u00fck\u00fcmet ve i\u015f d\u00fcnyas\u0131 liderleri taraf\u0131ndan en \u00e7ok kullan\u0131lan uluslararas\u0131 muhasebe arac\u0131d\u0131r.<\/p>\n\t\t\t\t\t<a href=\"#\" id=\"fl-accordion--label-6\" tabindex=\"0\" aria-controls=\"fl-accordion--panel-6\">QuickCarbon, kurulu\u015fumun karbon ayak izini do\u011fru hesapl\u0131yor mu?<\/a>\n\t\t\t\t\t\t\t\t\t\t\t<a href=\"#\" id=\"fl-accordion--icon-6\" tabindex=\"0\" aria-controls=\"fl-accordion--panel-6\"><i>Expand<\/i><\/a>\n\t\t\t\t\t<p>Evet. QuickCarbon karbon ayak izi hesaplama ve raporlama yaz\u0131l\u0131m\u0131, \u00fc\u00e7\u00fcnc\u00fc taraf uluslararas\u0131 sertifikasyon \u015firketi Kiwa GmbH taraf\u0131ndan ISO-14064-1:2018&#8217;e g\u00f6re do\u011frulanm\u0131\u015ft\u0131r. Uygunluk beyan\u0131n\u0131 g\u00f6rmek i\u00e7in <a href=\"https:\/\/www.quickcarbon.com\/tr\/wp-content\/uploads\/2023\/09\/quick-carbon.pdf\" target=\"_blank\" rel=\"noopener\">buray\u0131 t\u0131klay\u0131n<\/a>.<\/p>\n\t\t\t\t\t<a href=\"#\" id=\"fl-accordion--label-7\" tabindex=\"0\" aria-controls=\"fl-accordion--panel-7\">Kurulu\u015fumun karbon ayak izini hesaplamak i\u00e7in sera gaz\u0131 konusunda uzman olmam gerekli mi?<\/a>\n\t\t\t\t\t\t\t\t\t\t\t<a href=\"#\" id=\"fl-accordion--icon-7\" tabindex=\"0\" aria-controls=\"fl-accordion--panel-7\"><i>Expand<\/i><\/a>\n\t\t\t\t\t<p>Kesinlikle hay\u0131r. Sera gaz\u0131 emisyon fakt\u00f6rleri, sizin i\u00e7in t\u00fcm hesaplamalar\u0131 yapan QuickCarbon&#8217;a dahil edilmi\u015ftir. Bununla birlikte, Sera Gaz\u0131 protokol\u00fcn\u00fcn ve ISO 14064 standard\u0131 ile ilgili temel bir bilgiye sahip olman\u0131z, raporlar\u0131n\u0131z\u0131n uluslararas\u0131 muhasebe standartlar\u0131na uygun olmas\u0131 i\u00e7in organizasyon s\u0131n\u0131rlar\u0131n\u0131z\u0131 do\u011fru bir \u015fekilde belirlemenize yard\u0131mc\u0131 olur. Bu nedenle, yayg\u0131n olarak kullan\u0131lan bu standartlarla ilgili temel d\u00fczeyde bilgiye sahip olman\u0131z\u0131 \u00f6neririz.<\/p>\n\t\t\t\t\t<a href=\"#\" id=\"fl-accordion--label-8\" tabindex=\"0\" aria-controls=\"fl-accordion--panel-8\">QuickCarbon hangi veri kaynaklar\u0131ndan yararlanmaktad\u0131r?<\/a>\n\t\t\t\t\t\t\t\t\t\t\t<a href=\"#\" id=\"fl-accordion--icon-8\" tabindex=\"0\" aria-controls=\"fl-accordion--panel-8\"><i>Expand<\/i><\/a>\n\t\t\t\t\t<p>QuickCarbon&#8217;da kullan\u0131lan t\u00fcm veriler \u0130klim De\u011fi\u015fikli\u011fine Dair H\u00fck\u00fcmetler Aras\u0131 Panel (IPCC), ABD \u00c7evre Koruma Ajans\u0131 (EPA) ve Birle\u015fik Krall\u0131k \u00c7evre, G\u0131da ve K\u0131rsal \u0130\u015fler Dairesi (DEFRA) ile birlikte r, her bir \u00fclke i\u00e7in di\u011fer ulusal otoritelerin yay\u0131nlanm\u0131\u015f oldu\u011fu g\u00fcvenilir kaynaklara dayanmaktad\u0131r. QuickCarbon&#8217;u mevcut en g\u00fcncel bilgilerle g\u00fcncellemek i\u00e7in her y\u0131l, t\u00fcm veri kaynaklar\u0131n\u0131n kapsaml\u0131 bir incelemesini yap\u0131yor ve sisteme uyguluyoruz.<\/p>\n\t\t\t\t\t<a href=\"#\" id=\"fl-accordion--label-9\" tabindex=\"0\" aria-controls=\"fl-accordion--panel-9\">QuickCarbon&#8217;u kullanmak i\u00e7in yaz\u0131l\u0131m veya donan\u0131m y\u00fcklememiz gerekiyor mu?<\/a>\n\t\t\t\t\t\t\t\t\t\t\t<a href=\"#\" id=\"fl-accordion--icon-9\" tabindex=\"0\" aria-controls=\"fl-accordion--panel-9\"><i>Expand<\/i><\/a>\n\t\t\t\t\t<p>Hay\u0131r, yaz\u0131l\u0131m veya donan\u0131m y\u00fcklemenize gerek yoktur. Quickarbon, web tabanl\u0131 bir \u00fcr\u00fcnd\u00fcr.<\/p>\n\t\t\t\t\t<a href=\"#\" id=\"fl-accordion--label-10\" tabindex=\"0\" aria-controls=\"fl-accordion--panel-10\">\u00dcr\u00fcn web tabanl\u0131 ise g\u00fcvenlik sorunlar\u0131 var m\u0131?<\/a>\n\t\t\t\t\t\t\t\t\t\t\t<a href=\"#\" id=\"fl-accordion--icon-10\" tabindex=\"0\" aria-controls=\"fl-accordion--panel-10\"><i>Expand<\/i><\/a>\n\t\t\t\t\t<p>Hay\u0131r, g\u00fcvenlik ile ilgili bir sorun ya\u015famazs\u0131n\u0131z. Bilgilerinize herkese a\u00e7\u0131k ve eri\u015filebilir de\u011fildir. Platformumuza yaln\u0131zca m\u00fc\u015fterilerimiz taraf\u0131ndan eri\u015filebilir.<\/p>\n\t\t\t\t\t<a href=\"#\" id=\"fl-accordion--label-11\" tabindex=\"0\" aria-controls=\"fl-accordion--panel-11\">QuickCarbon ile ilgili yard\u0131ma ihtiyac\u0131m olursa nas\u0131l destek alabilirim?<\/a>\n\t\t\t\t\t\t\t\t\t\t\t<a href=\"#\" id=\"fl-accordion--icon-11\" tabindex=\"0\" aria-controls=\"fl-accordion--panel-11\"><i>Expand<\/i><\/a>\n\t\t\t\t\t<p>QuickCarbon karma\u015f\u0131k olmayan basit bir yap\u0131ya sahiptir, \u00fcr\u00fcn\u00fc anlamak ve kullanmak kolayd\u0131r. \u00d6zelle\u015ftirilmi\u015f deste\u011fe ihtiyac\u0131n\u0131z olur ise, QuickCarbon&#8217;\u0131n uzman ekibi size ihtiyac\u0131n\u0131z olan yard\u0131m sa\u011flayabilir. Bize telefon ile veya sorununuzu a\u00e7\u0131klayan bir e-postayla ula\u015fabilirsiniz; m\u00fcmk\u00fcn olan en k\u0131sa s\u00fcrede size geri d\u00f6n\u00fclecektir.<\/p>\n\t\t\t\t\t<a href=\"#\" id=\"fl-accordion--label-12\" tabindex=\"0\" aria-controls=\"fl-accordion--panel-12\">QuickCarbon emisyon veri taban\u0131nda hangi \u00fclkeler desteklenmektedir?<\/a>\n\t\t\t\t\t\t\t\t\t\t\t<a href=\"#\" id=\"fl-accordion--icon-12\" tabindex=\"0\" aria-controls=\"fl-accordion--panel-12\"><i>Expand<\/i><\/a>\n\t\t\t\t\t<p>QuickCarbon, IPCC, DEFRA, IEA ve benzeri uluslararas\u0131 emisyon fakt\u00f6r\u00fc veri tabanlar\u0131na dayan\u0131r. Bu nedenle, bu kurumlar\u0131n kapsad\u0131\u011f\u0131 herhangi bir \u00fclkede kullan\u0131labilir. Bununla birlikte, uzman ekibimiz, yerel fakt\u00f6rlerle emisyon veri taban\u0131n\u0131 s\u00fcrekli olarak g\u00fcncellemektedir. Bununla birlikte, hen\u00fcz veri taban\u0131m\u0131zda yer almayan hesaplamalar\u0131n\u0131zda kullanmak istedi\u011finiz belirli bir yerel emisyon fakt\u00f6r\u00fc varsa l\u00fctfen bize bir e-posta g\u00f6nderin ve talebiniz \u00fczerine ekleyelim.<\/p>\n\t\t\t\t\t<a href=\"#\" id=\"fl-accordion--label-13\" tabindex=\"0\" aria-controls=\"fl-accordion--panel-13\">QuickCarbon&#8217;da birden fazla kullan\u0131c\u0131 olu\u015fturabilir miyim?<\/a>\n\t\t\t\t\t\t\t\t\t\t\t<a href=\"#\" id=\"fl-accordion--icon-13\" tabindex=\"0\" aria-controls=\"fl-accordion--panel-13\"><i>Expand<\/i><\/a>\n\t\t\t\t\t<p>\u00dccretsiz s\u00fcr\u00fcm\u00fc haricinde, birden fazla kullan\u0131c\u0131ya QuickCarbon&#8217;a farkl\u0131 i\u015f birimlerinden veya departmanlardan kullan\u0131m i\u00e7in \u00e7e\u015fitli d\u00fczeylerde eri\u015fim sa\u011flayabilirsiniz.<\/p>\n\t\t\t\t\t<a href=\"#\" id=\"fl-accordion--label-14\" tabindex=\"0\" aria-controls=\"fl-accordion--panel-14\">Emisyonum i\u00e7in azaltma hedefleri belirleyebilir miyim?<\/a>\n\t\t\t\t\t\t\t\t\t\t\t<a href=\"#\" id=\"fl-accordion--icon-14\" tabindex=\"0\" aria-controls=\"fl-accordion--panel-14\"><i>Expand<\/i><\/a>\n\t\t\t\t\t<p>Evet, \u00c7al\u0131\u015fan Ba\u015f\u0131na Emisyon, \u00dcretim Birimi, Gelir Ba\u015f\u0131na gibi \u00f6zel \u0130\u015flevsel Birimlere dayal\u0131 kendi hedeflerinizi (Anahtar Performans G\u00f6stergeleri) belirleyebilirsiniz.<\/p>\n\n","protected":false},"excerpt":{"rendered":"<p>Bizimle Temasa Ge\u00e7ebilirsiniz. QuickCarbon hakk\u0131nda detayl\u0131 bilgi almak, demo talebinde bulunmak ve destek almak i\u00e7in bize yazabilirsiniz. Enerjisa Enerji \u00dcretim A.\u015e. Barbaros Mah, My Office \u0130\u015f Merkezi, \u00c7i\u011fdem Sok. No:1\/16 34746 Ata\u015fehir \/ \u0130STANBUL \/ T\u00dcRK\u0130YE T. 0 (216) 512 40 00 support@quickcarbon.com S\u0131k\u00e7a Sorulan Sorular QuickCarbon Nedir? Expand QuickCarbon web tabanl\u0131 karbon ayak izinizi&hellip;<\/p>\n","protected":false},"author":1,"featured_media":0,"parent":0,"menu_order":0,"comment_status":"closed","ping_status":"closed","template":"","meta":{"footnotes":""},"class_list":["post-68","page","type-page","status-publish","hentry"],"yoast_head":"<!-- This site is optimized with the Yoast SEO plugin v25.6 - https:\/\/yoast.com\/wordpress\/plugins\/seo\/ -->\n<title>\u0130leti\u015fim - QuickCarbon<\/title>\n<meta name=\"description\" content=\"Karbon y\u00f6netimi uzmanlar\u0131m\u0131zla hemen ileti\u015fime ge\u00e7in. QuickCarbon\u2019da sorular\u0131n\u0131z\u0131 yan\u0131tl\u0131yor, s\u00fcrd\u00fcr\u00fclebilirlik hedeflerinize ula\u015fman\u0131za yard\u0131mc\u0131 oluyoruz. Bize ula\u015f\u0131n!\" \/>\n<meta name=\"robots\" content=\"index, follow, max-snippet:-1, max-image-preview:large, max-video-preview:-1\" \/>\n<link rel=\"canonical\" href=\"https:\/\/www.quickcarbon.com\/tr\/iletisim\/\" \/>\n<meta property=\"og:locale\" content=\"tr_TR\" \/>\n<meta property=\"og:type\" content=\"article\" \/>\n<meta property=\"og:title\" content=\"\u0130leti\u015fim - QuickCarbon\" \/>\n<meta property=\"og:description\" content=\"Karbon y\u00f6netimi uzmanlar\u0131m\u0131zla hemen ileti\u015fime ge\u00e7in. QuickCarbon\u2019da sorular\u0131n\u0131z\u0131 yan\u0131tl\u0131yor, s\u00fcrd\u00fcr\u00fclebilirlik hedeflerinize ula\u015fman\u0131za yard\u0131mc\u0131 oluyoruz. Bize ula\u015f\u0131n!\" \/>\n<meta property=\"og:url\" content=\"https:\/\/www.quickcarbon.com\/tr\/iletisim\/\" \/>\n<meta property=\"og:site_name\" content=\"QuickCarbon\" \/>\n<meta property=\"article:publisher\" content=\"https:\/\/www.facebook.com\/quickcarbon\/\" \/>\n<meta property=\"article:modified_time\" content=\"2025-07-10T10:58:07+00:00\" \/>\n<meta property=\"og:image\" content=\"https:\/\/www.quickcarbon.com\/tr\/wp-content\/uploads\/2024\/01\/imageedit_3_9138767560.png\" \/>\n\t<meta property=\"og:image:width\" content=\"1200\" \/>\n\t<meta property=\"og:image:height\" content=\"675\" \/>\n\t<meta property=\"og:image:type\" content=\"image\/png\" \/>\n<meta name=\"twitter:card\" content=\"summary_large_image\" \/>\n<meta name=\"twitter:site\" content=\"@QuickCarbon_Tr\" \/>\n<meta name=\"twitter:label1\" content=\"Est. reading time\" \/>\n\t<meta name=\"twitter:data1\" content=\"5 dakika\" \/>\n<script type=\"application\/ld+json\" class=\"yoast-schema-graph\">{\"@context\":\"https:\/\/schema.org\",\"@graph\":[{\"@type\":[\"WebPage\",\"FAQPage\"],\"@id\":\"https:\/\/www.quickcarbon.com\/tr\/iletisim\/\",\"url\":\"https:\/\/www.quickcarbon.com\/tr\/iletisim\/\",\"name\":\"\u0130leti\u015fim - QuickCarbon\",\"isPartOf\":{\"@id\":\"https:\/\/www.quickcarbon.com\/tr\/#website\"},\"datePublished\":\"2023-09-11T09:38:39+00:00\",\"dateModified\":\"2025-07-10T10:58:07+00:00\",\"description\":\"Karbon y\u00f6netimi uzmanlar\u0131m\u0131zla hemen ileti\u015fime ge\u00e7in. QuickCarbon\u2019da sorular\u0131n\u0131z\u0131 yan\u0131tl\u0131yor, s\u00fcrd\u00fcr\u00fclebilirlik hedeflerinize ula\u015fman\u0131za yard\u0131mc\u0131 oluyoruz. Bize ula\u015f\u0131n!\",\"breadcrumb\":{\"@id\":\"https:\/\/www.quickcarbon.com\/tr\/iletisim\/#breadcrumb\"},\"inLanguage\":\"tr\",\"potentialAction\":[{\"@type\":\"ReadAction\",\"target\":[\"https:\/\/www.quickcarbon.com\/tr\/iletisim\/\"]}]},{\"@type\":\"BreadcrumbList\",\"@id\":\"https:\/\/www.quickcarbon.com\/tr\/iletisim\/#breadcrumb\",\"itemListElement\":[{\"@type\":\"ListItem\",\"position\":1,\"name\":\"Ana Sayfa\",\"item\":\"https:\/\/www.quickcarbon.com\/tr\/\"},{\"@type\":\"ListItem\",\"position\":2,\"name\":\"\u0130leti\u015fim\"}]},{\"@type\":\"WebSite\",\"@id\":\"https:\/\/www.quickcarbon.com\/tr\/#website\",\"url\":\"https:\/\/www.quickcarbon.com\/tr\/\",\"name\":\"QuickCarbon\",\"description\":\"Take Control of Your Corporate Carbon Footprint\",\"publisher\":{\"@id\":\"https:\/\/www.quickcarbon.com\/tr\/#organization\"},\"alternateName\":\"QC\",\"potentialAction\":[{\"@type\":\"SearchAction\",\"target\":{\"@type\":\"EntryPoint\",\"urlTemplate\":\"https:\/\/www.quickcarbon.com\/tr\/?s={search_term_string}\"},\"query-input\":{\"@type\":\"PropertyValueSpecification\",\"valueRequired\":true,\"valueName\":\"search_term_string\"}}],\"inLanguage\":\"tr\"},{\"@type\":\"Organization\",\"@id\":\"https:\/\/www.quickcarbon.com\/tr\/#organization\",\"name\":\"QuickCarbon\",\"alternateName\":\"QC\",\"url\":\"https:\/\/www.quickcarbon.com\/tr\/\",\"logo\":{\"@type\":\"ImageObject\",\"inLanguage\":\"tr\",\"@id\":\"https:\/\/www.quickcarbon.com\/tr\/#\/schema\/logo\/image\/\",\"url\":\"https:\/\/www.quickcarbon.com\/tr\/wp-content\/uploads\/2023\/09\/cropped-qc_favicon-1.png\",\"contentUrl\":\"https:\/\/www.quickcarbon.com\/tr\/wp-content\/uploads\/2023\/09\/cropped-qc_favicon-1.png\",\"width\":512,\"height\":512,\"caption\":\"QuickCarbon\"},\"image\":{\"@id\":\"https:\/\/www.quickcarbon.com\/tr\/#\/schema\/logo\/image\/\"},\"sameAs\":[\"https:\/\/www.facebook.com\/quickcarbon\/\",\"https:\/\/x.com\/QuickCarbon_Tr\",\"https:\/\/www.instagram.com\/quickcarbon_official\/\",\"https:\/\/www.linkedin.com\/showcase\/quickcarbon-\/\"]}]}<\/script>\n<!-- \/ Yoast SEO plugin. -->","yoast_head_json":{"title":"\u0130leti\u015fim - QuickCarbon","description":"Karbon y\u00f6netimi uzmanlar\u0131m\u0131zla hemen ileti\u015fime ge\u00e7in. QuickCarbon\u2019da sorular\u0131n\u0131z\u0131 yan\u0131tl\u0131yor, s\u00fcrd\u00fcr\u00fclebilirlik hedeflerinize ula\u015fman\u0131za yard\u0131mc\u0131 oluyoruz. Bize ula\u015f\u0131n!","robots":{"index":"index","follow":"follow","max-snippet":"max-snippet:-1","max-image-preview":"max-image-preview:large","max-video-preview":"max-video-preview:-1"},"canonical":"https:\/\/www.quickcarbon.com\/tr\/iletisim\/","og_locale":"tr_TR","og_type":"article","og_title":"\u0130leti\u015fim - QuickCarbon","og_description":"Karbon y\u00f6netimi uzmanlar\u0131m\u0131zla hemen ileti\u015fime ge\u00e7in. QuickCarbon\u2019da sorular\u0131n\u0131z\u0131 yan\u0131tl\u0131yor, s\u00fcrd\u00fcr\u00fclebilirlik hedeflerinize ula\u015fman\u0131za yard\u0131mc\u0131 oluyoruz. Bize ula\u015f\u0131n!","og_url":"https:\/\/www.quickcarbon.com\/tr\/iletisim\/","og_site_name":"QuickCarbon","article_publisher":"https:\/\/www.facebook.com\/quickcarbon\/","article_modified_time":"2025-07-10T10:58:07+00:00","og_image":[{"width":1200,"height":675,"url":"https:\/\/www.quickcarbon.com\/tr\/wp-content\/uploads\/2024\/01\/imageedit_3_9138767560.png","type":"image\/png"}],"twitter_card":"summary_large_image","twitter_site":"@QuickCarbon_Tr","twitter_misc":{"Est. reading time":"5 dakika"},"schema":{"@context":"https:\/\/schema.org","@graph":[{"@type":["WebPage","FAQPage"],"@id":"https:\/\/www.quickcarbon.com\/tr\/iletisim\/","url":"https:\/\/www.quickcarbon.com\/tr\/iletisim\/","name":"\u0130leti\u015fim - QuickCarbon","isPartOf":{"@id":"https:\/\/www.quickcarbon.com\/tr\/#website"},"datePublished":"2023-09-11T09:38:39+00:00","dateModified":"2025-07-10T10:58:07+00:00","description":"Karbon y\u00f6netimi uzmanlar\u0131m\u0131zla hemen ileti\u015fime ge\u00e7in. QuickCarbon\u2019da sorular\u0131n\u0131z\u0131 yan\u0131tl\u0131yor, s\u00fcrd\u00fcr\u00fclebilirlik hedeflerinize ula\u015fman\u0131za yard\u0131mc\u0131 oluyoruz. Bize ula\u015f\u0131n!","breadcrumb":{"@id":"https:\/\/www.quickcarbon.com\/tr\/iletisim\/#breadcrumb"},"inLanguage":"tr","potentialAction":[{"@type":"ReadAction","target":["https:\/\/www.quickcarbon.com\/tr\/iletisim\/"]}]},{"@type":"BreadcrumbList","@id":"https:\/\/www.quickcarbon.com\/tr\/iletisim\/#breadcrumb","itemListElement":[{"@type":"ListItem","position":1,"name":"Ana Sayfa","item":"https:\/\/www.quickcarbon.com\/tr\/"},{"@type":"ListItem","position":2,"name":"\u0130leti\u015fim"}]},{"@type":"WebSite","@id":"https:\/\/www.quickcarbon.com\/tr\/#website","url":"https:\/\/www.quickcarbon.com\/tr\/","name":"QuickCarbon","description":"Take Control of Your Corporate Carbon Footprint","publisher":{"@id":"https:\/\/www.quickcarbon.com\/tr\/#organization"},"alternateName":"QC","potentialAction":[{"@type":"SearchAction","target":{"@type":"EntryPoint","urlTemplate":"https:\/\/www.quickcarbon.com\/tr\/?s={search_term_string}"},"query-input":{"@type":"PropertyValueSpecification","valueRequired":true,"valueName":"search_term_string"}}],"inLanguage":"tr"},{"@type":"Organization","@id":"https:\/\/www.quickcarbon.com\/tr\/#organization","name":"QuickCarbon","alternateName":"QC","url":"https:\/\/www.quickcarbon.com\/tr\/","logo":{"@type":"ImageObject","inLanguage":"tr","@id":"https:\/\/www.quickcarbon.com\/tr\/#\/schema\/logo\/image\/","url":"https:\/\/www.quickcarbon.com\/tr\/wp-content\/uploads\/2023\/09\/cropped-qc_favicon-1.png","contentUrl":"https:\/\/www.quickcarbon.com\/tr\/wp-content\/uploads\/2023\/09\/cropped-qc_favicon-1.png","width":512,"height":512,"caption":"QuickCarbon"},"image":{"@id":"https:\/\/www.quickcarbon.com\/tr\/#\/schema\/logo\/image\/"},"sameAs":["https:\/\/www.facebook.com\/quickcarbon\/","https:\/\/x.com\/QuickCarbon_Tr","https:\/\/www.instagram.com\/quickcarbon_official\/","https:\/\/www.linkedin.com\/showcase\/quickcarbon-\/"]}]}},"_links":{"self":[{"href":"https:\/\/www.quickcarbon.com\/tr\/wp-json\/wp\/v2\/pages\/68","targetHints":{"allow":["GET"]}}],"collection":[{"href":"https:\/\/www.quickcarbon.com\/tr\/wp-json\/wp\/v2\/pages"}],"about":[{"href":"https:\/\/www.quickcarbon.com\/tr\/wp-json\/wp\/v2\/types\/page"}],"author":[{"embeddable":true,"href":"https:\/\/www.quickcarbon.com\/tr\/wp-json\/wp\/v2\/users\/1"}],"replies":[{"embeddable":true,"href":"https:\/\/www.quickcarbon.com\/tr\/wp-json\/wp\/v2\/comments?post=68"}],"version-history":[{"count":23,"href":"https:\/\/www.quickcarbon.com\/tr\/wp-json\/wp\/v2\/pages\/68\/revisions"}],"predecessor-version":[{"id":1599,"href":"https:\/\/www.quickcarbon.com\/tr\/wp-json\/wp\/v2\/pages\/68\/revisions\/1599"}],"wp:attachment":[{"href":"https:\/\/www.quickcarbon.com\/tr\/wp-json\/wp\/v2\/media?parent=68"}],"curies":[{"name":"wp","href":"https:\/\/api.w.org\/{rel}","templated":true}]}}